{"id":49183,"date":"2025-05-12T23:59:14","date_gmt":"2025-05-12T21:59:14","guid":{"rendered":"https:\/\/totnaturaserveis.com\/abans-i-despres\/"},"modified":"2025-05-26T07:44:16","modified_gmt":"2025-05-26T05:44:16","slug":"abans-i-despres","status":"publish","type":"page","link":"https:\/\/totnaturaserveis.com\/ca\/els-nostres-serveis\/abans-i-despres\/","title":{"rendered":"Abans i Despr\u00e9s"},"content":{"rendered":"\n<div class=\"gb-element-af945f46\">\n<p class=\"gb-text\">En aquesta secci\u00f3 us convidem a explorar l&#8217;impacte visual dels nostres projectes de jardineria a trav\u00e9s d&#8217;imatges que mostren el proc\u00e9s de transformaci\u00f3 d&#8217;espais. Cada fotografia &#8220;Abans i Despr\u00e9s&#8221; il\u00b7lustra no nom\u00e9s el canvi est\u00e8tic, sin\u00f3 tamb\u00e9 la millora en la funcionalitat i sostenibilitat dels jardins que hem creat. Des de la instal\u00b7laci\u00f3 de gespa artificial fins al disseny de jardins sostenibles, cada projecte reflecteix el nostre comprom\u00eds amb la qualitat i la innovaci\u00f3. Observa com un simple espai es pot convertir en un oasi verd, adaptat a les necessitats i desitjos dels nostres clients.<\/p>\n\n\n\n<h2 class=\"gb-text\">Galeria<\/h2>\n\n\n<ul class=\"filebird-block-filebird-gallery wp-block-gallery blocks-gallery-grid columns-3 is-cropped\" style=\"--columns: 3;--space: 0px;--min-width: 0px;\"><li class=\"blocks-gallery-item fb-block-hover-animation-none\"><figure><img decoding=\"async\" width=\"1620\" height=\"2376\" data-src=\"https:\/\/totnaturaserveis.com\/wp-content\/uploads\/2025\/05\/nueva.jpg\" alt=\"nueva\" class=\"wp-image-49142 lazyload\" data-srcset=\"https:\/\/totnaturaserveis.com\/wp-content\/uploads\/2025\/05\/nueva.jpg 1620w, https:\/\/totnaturaserveis.com\/wp-content\/uploads\/2025\/05\/nueva-205x300.jpg 205w, https:\/\/totnaturaserveis.com\/wp-content\/uploads\/2025\/05\/nueva-698x1024.jpg 698w, https:\/\/totnaturaserveis.com\/wp-content\/uploads\/2025\/05\/nueva-768x1126.jpg 768w, https:\/\/totnaturaserveis.com\/wp-content\/uploads\/2025\/05\/nueva-1047x1536.jpg 1047w, https:\/\/totnaturaserveis.com\/wp-content\/uploads\/2025\/05\/nueva-1396x2048.jpg 1396w\" data-sizes=\"(max-width: 1620px) 100vw, 1620px\" src=\"data:image\/gif;base64,R0lGODlhAQABAAAAACH5BAEKAAEALAAAAAABAAEAAAICTAEAOw==\" style=\"--smush-placeholder-width: 1620px; --smush-placeholder-aspect-ratio: 1620\/2376;\" \/><\/figure><\/li><li class=\"blocks-gallery-item fb-block-hover-animation-none\"><figure><img decoding=\"async\" width=\"1620\" height=\"1648\" data-src=\"https:\/\/totnaturaserveis.com\/wp-content\/uploads\/2025\/05\/IMG-20240521-WA0026.jpg-2.jpg\" alt=\"IMG-20240521-WA0026.jpg 2\" class=\"wp-image-49141 lazyload\" data-srcset=\"https:\/\/totnaturaserveis.com\/wp-content\/uploads\/2025\/05\/IMG-20240521-WA0026.jpg-2.jpg 1620w, https:\/\/totnaturaserveis.com\/wp-content\/uploads\/2025\/05\/IMG-20240521-WA0026.jpg-2-295x300.jpg 295w, https:\/\/totnaturaserveis.com\/wp-content\/uploads\/2025\/05\/IMG-20240521-WA0026.jpg-2-1007x1024.jpg 1007w, https:\/\/totnaturaserveis.com\/wp-content\/uploads\/2025\/05\/IMG-20240521-WA0026.jpg-2-768x781.jpg 768w, https:\/\/totnaturaserveis.com\/wp-content\/uploads\/2025\/05\/IMG-20240521-WA0026.jpg-2-1510x1536.jpg 1510w\" data-sizes=\"(max-width: 1620px) 100vw, 1620px\" src=\"data:image\/gif;base64,R0lGODlhAQABAAAAACH5BAEKAAEALAAAAAABAAEAAAICTAEAOw==\" style=\"--smush-placeholder-width: 1620px; --smush-placeholder-aspect-ratio: 1620\/1648;\" \/><\/figure><\/li><li class=\"blocks-gallery-item fb-block-hover-animation-none\"><figure><img decoding=\"async\" width=\"879\" height=\"1085\" data-src=\"https:\/\/totnaturaserveis.com\/wp-content\/uploads\/2025\/05\/IMG-20230707-WA0068-1.jpg\" alt=\"IMG-20230707-WA0068\" class=\"wp-image-49140 lazyload\" data-srcset=\"https:\/\/totnaturaserveis.com\/wp-content\/uploads\/2025\/05\/IMG-20230707-WA0068-1.jpg 879w, https:\/\/totnaturaserveis.com\/wp-content\/uploads\/2025\/05\/IMG-20230707-WA0068-1-243x300.jpg 243w, https:\/\/totnaturaserveis.com\/wp-content\/uploads\/2025\/05\/IMG-20230707-WA0068-1-830x1024.jpg 830w, https:\/\/totnaturaserveis.com\/wp-content\/uploads\/2025\/05\/IMG-20230707-WA0068-1-768x948.jpg 768w\" data-sizes=\"(max-width: 879px) 100vw, 879px\" src=\"data:image\/gif;base64,R0lGODlhAQABAAAAACH5BAEKAAEALAAAAAABAAEAAAICTAEAOw==\" style=\"--smush-placeholder-width: 879px; --smush-placeholder-aspect-ratio: 879\/1085;\" \/><\/figure><\/li><li class=\"blocks-gallery-item fb-block-hover-animation-none\"><figure><img decoding=\"async\" width=\"795\" height=\"708\" data-src=\"https:\/\/totnaturaserveis.com\/wp-content\/uploads\/2025\/05\/IMG_20230725_1753352-1.jpg\" alt=\"IMG_20230725_175335~2\" class=\"wp-image-49139 lazyload\" data-srcset=\"https:\/\/totnaturaserveis.com\/wp-content\/uploads\/2025\/05\/IMG_20230725_1753352-1.jpg 795w, https:\/\/totnaturaserveis.com\/wp-content\/uploads\/2025\/05\/IMG_20230725_1753352-1-300x267.jpg 300w, https:\/\/totnaturaserveis.com\/wp-content\/uploads\/2025\/05\/IMG_20230725_1753352-1-768x684.jpg 768w\" data-sizes=\"(max-width: 795px) 100vw, 795px\" src=\"data:image\/gif;base64,R0lGODlhAQABAAAAACH5BAEKAAEALAAAAAABAAEAAAICTAEAOw==\" style=\"--smush-placeholder-width: 795px; --smush-placeholder-aspect-ratio: 795\/708;\" \/><\/figure><\/li><li class=\"blocks-gallery-item fb-block-hover-animation-none\"><figure><img decoding=\"async\" width=\"1392\" height=\"786\" data-src=\"https:\/\/totnaturaserveis.com\/wp-content\/uploads\/2025\/05\/IMG_20230711_123551-1.jpg\" alt=\"IMG_20230711_123551\" class=\"wp-image-49138 lazyload\" data-srcset=\"https:\/\/totnaturaserveis.com\/wp-content\/uploads\/2025\/05\/IMG_20230711_123551-1.jpg 1392w, https:\/\/totnaturaserveis.com\/wp-content\/uploads\/2025\/05\/IMG_20230711_123551-1-300x169.jpg 300w, https:\/\/totnaturaserveis.com\/wp-content\/uploads\/2025\/05\/IMG_20230711_123551-1-1024x578.jpg 1024w, https:\/\/totnaturaserveis.com\/wp-content\/uploads\/2025\/05\/IMG_20230711_123551-1-768x434.jpg 768w\" data-sizes=\"(max-width: 1392px) 100vw, 1392px\" src=\"data:image\/gif;base64,R0lGODlhAQABAAAAACH5BAEKAAEALAAAAAABAAEAAAICTAEAOw==\" style=\"--smush-placeholder-width: 1392px; --smush-placeholder-aspect-ratio: 1392\/786;\" \/><\/figure><\/li><li class=\"blocks-gallery-item fb-block-hover-animation-none\"><figure><img decoding=\"async\" width=\"794\" height=\"704\" data-src=\"https:\/\/totnaturaserveis.com\/wp-content\/uploads\/2025\/05\/IMG_20220908_150052-1.jpg\" alt=\"IMG_20220908_150052\" class=\"wp-image-49137 lazyload\" data-srcset=\"https:\/\/totnaturaserveis.com\/wp-content\/uploads\/2025\/05\/IMG_20220908_150052-1.jpg 794w, https:\/\/totnaturaserveis.com\/wp-content\/uploads\/2025\/05\/IMG_20220908_150052-1-300x266.jpg 300w, https:\/\/totnaturaserveis.com\/wp-content\/uploads\/2025\/05\/IMG_20220908_150052-1-768x681.jpg 768w\" data-sizes=\"(max-width: 794px) 100vw, 794px\" src=\"data:image\/gif;base64,R0lGODlhAQABAAAAACH5BAEKAAEALAAAAAABAAEAAAICTAEAOw==\" style=\"--smush-placeholder-width: 794px; --smush-placeholder-aspect-ratio: 794\/704;\" \/><\/figure><\/li><li class=\"blocks-gallery-item fb-block-hover-animation-none\"><figure><img decoding=\"async\" width=\"712\" height=\"794\" data-src=\"https:\/\/totnaturaserveis.com\/wp-content\/uploads\/2025\/05\/IMG_20220606_102624-1.jpg\" alt=\"IMG_20220606_102624\" class=\"wp-image-49136 lazyload\" data-srcset=\"https:\/\/totnaturaserveis.com\/wp-content\/uploads\/2025\/05\/IMG_20220606_102624-1.jpg 712w, https:\/\/totnaturaserveis.com\/wp-content\/uploads\/2025\/05\/IMG_20220606_102624-1-269x300.jpg 269w\" data-sizes=\"(max-width: 712px) 100vw, 712px\" src=\"data:image\/gif;base64,R0lGODlhAQABAAAAACH5BAEKAAEALAAAAAABAAEAAAICTAEAOw==\" style=\"--smush-placeholder-width: 712px; --smush-placeholder-aspect-ratio: 712\/794;\" \/><\/figure><\/li><li class=\"blocks-gallery-item fb-block-hover-animation-none\"><figure><img decoding=\"async\" width=\"840\" height=\"746\" data-src=\"https:\/\/totnaturaserveis.com\/wp-content\/uploads\/2025\/05\/IMG_20220414_110650-1.jpg\" alt=\"IMG_20220414_110650\" class=\"wp-image-49135 lazyload\" data-srcset=\"https:\/\/totnaturaserveis.com\/wp-content\/uploads\/2025\/05\/IMG_20220414_110650-1.jpg 840w, https:\/\/totnaturaserveis.com\/wp-content\/uploads\/2025\/05\/IMG_20220414_110650-1-300x266.jpg 300w, https:\/\/totnaturaserveis.com\/wp-content\/uploads\/2025\/05\/IMG_20220414_110650-1-768x682.jpg 768w\" data-sizes=\"(max-width: 840px) 100vw, 840px\" src=\"data:image\/gif;base64,R0lGODlhAQABAAAAACH5BAEKAAEALAAAAAABAAEAAAICTAEAOw==\" style=\"--smush-placeholder-width: 840px; --smush-placeholder-aspect-ratio: 840\/746;\" \/><\/figure><\/li><li class=\"blocks-gallery-item fb-block-hover-animation-none\"><figure><img decoding=\"async\" width=\"1217\" height=\"813\" data-src=\"https:\/\/totnaturaserveis.com\/wp-content\/uploads\/2025\/05\/IMG_20201028_101810_893-1.jpg\" alt=\"B FD0 FBSS0 FBFS0 FBEE0 4.12.15 2.11.0_20191121-1510\" class=\"wp-image-49134 lazyload\" data-srcset=\"https:\/\/totnaturaserveis.com\/wp-content\/uploads\/2025\/05\/IMG_20201028_101810_893-1.jpg 1217w, https:\/\/totnaturaserveis.com\/wp-content\/uploads\/2025\/05\/IMG_20201028_101810_893-1-300x200.jpg 300w, https:\/\/totnaturaserveis.com\/wp-content\/uploads\/2025\/05\/IMG_20201028_101810_893-1-1024x684.jpg 1024w, https:\/\/totnaturaserveis.com\/wp-content\/uploads\/2025\/05\/IMG_20201028_101810_893-1-768x513.jpg 768w\" data-sizes=\"(max-width: 1217px) 100vw, 1217px\" src=\"data:image\/gif;base64,R0lGODlhAQABAAAAACH5BAEKAAEALAAAAAABAAEAAAICTAEAOw==\" style=\"--smush-placeholder-width: 1217px; --smush-placeholder-aspect-ratio: 1217\/813;\" \/><\/figure><\/li><li class=\"blocks-gallery-item fb-block-hover-animation-none\"><figure><img decoding=\"async\" width=\"1578\" height=\"628\" data-src=\"https:\/\/totnaturaserveis.com\/wp-content\/uploads\/2025\/05\/IMG_20190318_134220_491.jpg\" alt=\"A EC_0 3.8.16 2.5.1_20190114-1551\" class=\"wp-image-49133 lazyload\" data-srcset=\"https:\/\/totnaturaserveis.com\/wp-content\/uploads\/2025\/05\/IMG_20190318_134220_491.jpg 1578w, https:\/\/totnaturaserveis.com\/wp-content\/uploads\/2025\/05\/IMG_20190318_134220_491-300x119.jpg 300w, https:\/\/totnaturaserveis.com\/wp-content\/uploads\/2025\/05\/IMG_20190318_134220_491-1024x408.jpg 1024w, https:\/\/totnaturaserveis.com\/wp-content\/uploads\/2025\/05\/IMG_20190318_134220_491-768x306.jpg 768w, https:\/\/totnaturaserveis.com\/wp-content\/uploads\/2025\/05\/IMG_20190318_134220_491-1536x611.jpg 1536w\" data-sizes=\"(max-width: 1578px) 100vw, 1578px\" src=\"data:image\/gif;base64,R0lGODlhAQABAAAAACH5BAEKAAEALAAAAAABAAEAAAICTAEAOw==\" style=\"--smush-placeholder-width: 1578px; --smush-placeholder-aspect-ratio: 1578\/628;\" \/><\/figure><\/li><li class=\"blocks-gallery-item fb-block-hover-animation-none\"><figure><img decoding=\"async\" width=\"1292\" height=\"1542\" data-src=\"https:\/\/totnaturaserveis.com\/wp-content\/uploads\/2025\/05\/IMG_20141017_120643.jpg1_.jpg\" alt=\"IMG_20141017_120643.jpg1\" class=\"wp-image-49132 lazyload\" data-srcset=\"https:\/\/totnaturaserveis.com\/wp-content\/uploads\/2025\/05\/IMG_20141017_120643.jpg1_.jpg 1292w, https:\/\/totnaturaserveis.com\/wp-content\/uploads\/2025\/05\/IMG_20141017_120643.jpg1_-251x300.jpg 251w, https:\/\/totnaturaserveis.com\/wp-content\/uploads\/2025\/05\/IMG_20141017_120643.jpg1_-858x1024.jpg 858w, https:\/\/totnaturaserveis.com\/wp-content\/uploads\/2025\/05\/IMG_20141017_120643.jpg1_-768x917.jpg 768w, https:\/\/totnaturaserveis.com\/wp-content\/uploads\/2025\/05\/IMG_20141017_120643.jpg1_-1287x1536.jpg 1287w\" data-sizes=\"(max-width: 1292px) 100vw, 1292px\" src=\"data:image\/gif;base64,R0lGODlhAQABAAAAACH5BAEKAAEALAAAAAABAAEAAAICTAEAOw==\" style=\"--smush-placeholder-width: 1292px; --smush-placeholder-aspect-ratio: 1292\/1542;\" \/><\/figure><\/li><li class=\"blocks-gallery-item fb-block-hover-animation-none\"><figure><img decoding=\"async\" width=\"1180\" height=\"673\" data-src=\"https:\/\/totnaturaserveis.com\/wp-content\/uploads\/2025\/05\/fgdfhgfdj-1.jpg\" alt=\"fgdfhgfdj\" class=\"wp-image-49131 lazyload\" data-srcset=\"https:\/\/totnaturaserveis.com\/wp-content\/uploads\/2025\/05\/fgdfhgfdj-1.jpg 1180w, https:\/\/totnaturaserveis.com\/wp-content\/uploads\/2025\/05\/fgdfhgfdj-1-300x171.jpg 300w, https:\/\/totnaturaserveis.com\/wp-content\/uploads\/2025\/05\/fgdfhgfdj-1-1024x584.jpg 1024w, https:\/\/totnaturaserveis.com\/wp-content\/uploads\/2025\/05\/fgdfhgfdj-1-768x438.jpg 768w\" data-sizes=\"(max-width: 1180px) 100vw, 1180px\" src=\"data:image\/gif;base64,R0lGODlhAQABAAAAACH5BAEKAAEALAAAAAABAAEAAAICTAEAOw==\" style=\"--smush-placeholder-width: 1180px; --smush-placeholder-aspect-ratio: 1180\/673;\" \/><\/figure><\/li><li class=\"blocks-gallery-item fb-block-hover-animation-none\"><figure><img decoding=\"async\" width=\"786\" height=\"1176\" data-src=\"https:\/\/totnaturaserveis.com\/wp-content\/uploads\/2025\/05\/240320101843-1.jpg\" alt=\"240320101843\" class=\"wp-image-49130 lazyload\" data-srcset=\"https:\/\/totnaturaserveis.com\/wp-content\/uploads\/2025\/05\/240320101843-1.jpg 786w, https:\/\/totnaturaserveis.com\/wp-content\/uploads\/2025\/05\/240320101843-1-201x300.jpg 201w, https:\/\/totnaturaserveis.com\/wp-content\/uploads\/2025\/05\/240320101843-1-684x1024.jpg 684w, https:\/\/totnaturaserveis.com\/wp-content\/uploads\/2025\/05\/240320101843-1-768x1149.jpg 768w\" data-sizes=\"(max-width: 786px) 100vw, 786px\" src=\"data:image\/gif;base64,R0lGODlhAQABAAAAACH5BAEKAAEALAAAAAABAAEAAAICTAEAOw==\" style=\"--smush-placeholder-width: 786px; --smush-placeholder-aspect-ratio: 786\/1176;\" \/><\/figure><\/li><li class=\"blocks-gallery-item fb-block-hover-animation-none\"><figure><img decoding=\"async\" width=\"660\" height=\"977\" data-src=\"https:\/\/totnaturaserveis.com\/wp-content\/uploads\/2025\/05\/22112007591-1.jpg\" alt=\"22112007591\" class=\"wp-image-49129 lazyload\" data-srcset=\"https:\/\/totnaturaserveis.com\/wp-content\/uploads\/2025\/05\/22112007591-1.jpg 660w, https:\/\/totnaturaserveis.com\/wp-content\/uploads\/2025\/05\/22112007591-1-203x300.jpg 203w\" data-sizes=\"(max-width: 660px) 100vw, 660px\" src=\"data:image\/gif;base64,R0lGODlhAQABAAAAACH5BAEKAAEALAAAAAABAAEAAAICTAEAOw==\" style=\"--smush-placeholder-width: 660px; --smush-placeholder-aspect-ratio: 660\/977;\" \/><\/figure><\/li><li class=\"blocks-gallery-item fb-block-hover-animation-none\"><figure><img decoding=\"async\" width=\"792\" height=\"982\" data-src=\"https:\/\/totnaturaserveis.com\/wp-content\/uploads\/2025\/05\/15042009858-1.jpg\" alt=\"15042009858\" class=\"wp-image-49128 lazyload\" data-srcset=\"https:\/\/totnaturaserveis.com\/wp-content\/uploads\/2025\/05\/15042009858-1.jpg 792w, https:\/\/totnaturaserveis.com\/wp-content\/uploads\/2025\/05\/15042009858-1-242x300.jpg 242w, https:\/\/totnaturaserveis.com\/wp-content\/uploads\/2025\/05\/15042009858-1-768x952.jpg 768w\" data-sizes=\"(max-width: 792px) 100vw, 792px\" src=\"data:image\/gif;base64,R0lGODlhAQABAAAAACH5BAEKAAEALAAAAAABAAEAAAICTAEAOw==\" style=\"--smush-placeholder-width: 792px; --smush-placeholder-aspect-ratio: 792\/982;\" \/><\/figure><\/li><li class=\"blocks-gallery-item fb-block-hover-animation-none\"><figure><img decoding=\"async\" width=\"1851\" height=\"2560\" data-src=\"https:\/\/totnaturaserveis.com\/wp-content\/uploads\/2025\/05\/20170620_100740-scaled.jpg\" alt=\"20170620_100740\" class=\"wp-image-49127 lazyload\" data-srcset=\"https:\/\/totnaturaserveis.com\/wp-content\/uploads\/2025\/05\/20170620_100740-scaled.jpg 1851w, https:\/\/totnaturaserveis.com\/wp-content\/uploads\/2025\/05\/20170620_100740-217x300.jpg 217w, https:\/\/totnaturaserveis.com\/wp-content\/uploads\/2025\/05\/20170620_100740-741x1024.jpg 741w, https:\/\/totnaturaserveis.com\/wp-content\/uploads\/2025\/05\/20170620_100740-768x1062.jpg 768w, https:\/\/totnaturaserveis.com\/wp-content\/uploads\/2025\/05\/20170620_100740-1111x1536.jpg 1111w, https:\/\/totnaturaserveis.com\/wp-content\/uploads\/2025\/05\/20170620_100740-1481x2048.jpg 1481w\" data-sizes=\"(max-width: 1851px) 100vw, 1851px\" src=\"data:image\/gif;base64,R0lGODlhAQABAAAAACH5BAEKAAEALAAAAAABAAEAAAICTAEAOw==\" style=\"--smush-placeholder-width: 1851px; --smush-placeholder-aspect-ratio: 1851\/2560;\" \/><\/figure><\/li><li class=\"blocks-gallery-item fb-block-hover-animation-none\"><figure><img decoding=\"async\" width=\"1393\" height=\"665\" data-src=\"https:\/\/totnaturaserveis.com\/wp-content\/uploads\/2025\/05\/345678-1.jpg\" alt=\"345678\" class=\"wp-image-49126 lazyload\" data-srcset=\"https:\/\/totnaturaserveis.com\/wp-content\/uploads\/2025\/05\/345678-1.jpg 1393w, https:\/\/totnaturaserveis.com\/wp-content\/uploads\/2025\/05\/345678-1-300x143.jpg 300w, https:\/\/totnaturaserveis.com\/wp-content\/uploads\/2025\/05\/345678-1-1024x489.jpg 1024w, https:\/\/totnaturaserveis.com\/wp-content\/uploads\/2025\/05\/345678-1-768x367.jpg 768w\" data-sizes=\"(max-width: 1393px) 100vw, 1393px\" src=\"data:image\/gif;base64,R0lGODlhAQABAAAAACH5BAEKAAEALAAAAAABAAEAAAICTAEAOw==\" style=\"--smush-placeholder-width: 1393px; --smush-placeholder-aspect-ratio: 1393\/665;\" \/><\/figure><\/li><li class=\"blocks-gallery-item fb-block-hover-animation-none\"><figure><img decoding=\"async\" width=\"1230\" height=\"821\" data-src=\"https:\/\/totnaturaserveis.com\/wp-content\/uploads\/2025\/05\/46.jpg\" alt=\"46\" class=\"wp-image-49125 lazyload\" data-srcset=\"https:\/\/totnaturaserveis.com\/wp-content\/uploads\/2025\/05\/46.jpg 1230w, https:\/\/totnaturaserveis.com\/wp-content\/uploads\/2025\/05\/46-300x200.jpg 300w, https:\/\/totnaturaserveis.com\/wp-content\/uploads\/2025\/05\/46-1024x683.jpg 1024w, https:\/\/totnaturaserveis.com\/wp-content\/uploads\/2025\/05\/46-768x513.jpg 768w\" data-sizes=\"(max-width: 1230px) 100vw, 1230px\" src=\"data:image\/gif;base64,R0lGODlhAQABAAAAACH5BAEKAAEALAAAAAABAAEAAAICTAEAOw==\" style=\"--smush-placeholder-width: 1230px; --smush-placeholder-aspect-ratio: 1230\/821;\" \/><\/figure><\/li><li class=\"blocks-gallery-item fb-block-hover-animation-none\"><figure><img decoding=\"async\" width=\"867\" height=\"498\" data-src=\"https:\/\/totnaturaserveis.com\/wp-content\/uploads\/2025\/05\/30.jpg\" alt=\"30\" class=\"wp-image-49124 lazyload\" data-srcset=\"https:\/\/totnaturaserveis.com\/wp-content\/uploads\/2025\/05\/30.jpg 867w, https:\/\/totnaturaserveis.com\/wp-content\/uploads\/2025\/05\/30-300x172.jpg 300w, https:\/\/totnaturaserveis.com\/wp-content\/uploads\/2025\/05\/30-768x441.jpg 768w\" data-sizes=\"(max-width: 867px) 100vw, 867px\" src=\"data:image\/gif;base64,R0lGODlhAQABAAAAACH5BAEKAAEALAAAAAABAAEAAAICTAEAOw==\" style=\"--smush-placeholder-width: 867px; --smush-placeholder-aspect-ratio: 867\/498;\" \/><\/figure><\/li><li class=\"blocks-gallery-item fb-block-hover-animation-none\"><figure><img decoding=\"async\" width=\"714\" height=\"852\" data-src=\"https:\/\/totnaturaserveis.com\/wp-content\/uploads\/2025\/05\/17-1.jpg\" alt=\"17\" class=\"wp-image-49123 lazyload\" data-srcset=\"https:\/\/totnaturaserveis.com\/wp-content\/uploads\/2025\/05\/17-1.jpg 714w, https:\/\/totnaturaserveis.com\/wp-content\/uploads\/2025\/05\/17-1-251x300.jpg 251w\" data-sizes=\"(max-width: 714px) 100vw, 714px\" src=\"data:image\/gif;base64,R0lGODlhAQABAAAAACH5BAEKAAEALAAAAAABAAEAAAICTAEAOw==\" style=\"--smush-placeholder-width: 714px; --smush-placeholder-aspect-ratio: 714\/852;\" \/><\/figure><\/li><li class=\"blocks-gallery-item fb-block-hover-animation-none\"><figure><img decoding=\"async\" width=\"802\" height=\"1211\" data-src=\"https:\/\/totnaturaserveis.com\/wp-content\/uploads\/2025\/05\/91.jpg\" alt=\"9,1\" class=\"wp-image-49122 lazyload\" data-srcset=\"https:\/\/totnaturaserveis.com\/wp-content\/uploads\/2025\/05\/91.jpg 802w, https:\/\/totnaturaserveis.com\/wp-content\/uploads\/2025\/05\/91-199x300.jpg 199w, https:\/\/totnaturaserveis.com\/wp-content\/uploads\/2025\/05\/91-678x1024.jpg 678w, https:\/\/totnaturaserveis.com\/wp-content\/uploads\/2025\/05\/91-768x1160.jpg 768w\" data-sizes=\"(max-width: 802px) 100vw, 802px\" src=\"data:image\/gif;base64,R0lGODlhAQABAAAAACH5BAEKAAEALAAAAAABAAEAAAICTAEAOw==\" style=\"--smush-placeholder-width: 802px; --smush-placeholder-aspect-ratio: 802\/1211;\" \/><\/figure><\/li><li class=\"blocks-gallery-item fb-block-hover-animation-none\"><figure><img decoding=\"async\" width=\"794\" height=\"1139\" data-src=\"https:\/\/totnaturaserveis.com\/wp-content\/uploads\/2025\/05\/1-5.jpg\" alt=\"1\" class=\"wp-image-49121 lazyload\" data-srcset=\"https:\/\/totnaturaserveis.com\/wp-content\/uploads\/2025\/05\/1-5.jpg 794w, https:\/\/totnaturaserveis.com\/wp-content\/uploads\/2025\/05\/1-5-209x300.jpg 209w, https:\/\/totnaturaserveis.com\/wp-content\/uploads\/2025\/05\/1-5-714x1024.jpg 714w, https:\/\/totnaturaserveis.com\/wp-content\/uploads\/2025\/05\/1-5-768x1102.jpg 768w\" data-sizes=\"(max-width: 794px) 100vw, 794px\" src=\"data:image\/gif;base64,R0lGODlhAQABAAAAACH5BAEKAAEALAAAAAABAAEAAAICTAEAOw==\" style=\"--smush-placeholder-width: 794px; --smush-placeholder-aspect-ratio: 794\/1139;\" \/><\/figure><\/li><li class=\"blocks-gallery-item fb-block-hover-animation-none\"><figure><img decoding=\"async\" width=\"816\" height=\"1208\" data-src=\"https:\/\/totnaturaserveis.com\/wp-content\/uploads\/2025\/05\/1-3-1.jpg\" alt=\"1 (3)\" class=\"wp-image-49120 lazyload\" data-srcset=\"https:\/\/totnaturaserveis.com\/wp-content\/uploads\/2025\/05\/1-3-1.jpg 816w, https:\/\/totnaturaserveis.com\/wp-content\/uploads\/2025\/05\/1-3-1-203x300.jpg 203w, https:\/\/totnaturaserveis.com\/wp-content\/uploads\/2025\/05\/1-3-1-692x1024.jpg 692w, https:\/\/totnaturaserveis.com\/wp-content\/uploads\/2025\/05\/1-3-1-768x1137.jpg 768w\" data-sizes=\"(max-width: 816px) 100vw, 816px\" src=\"data:image\/gif;base64,R0lGODlhAQABAAAAACH5BAEKAAEALAAAAAABAAEAAAICTAEAOw==\" style=\"--smush-placeholder-width: 816px; --smush-placeholder-aspect-ratio: 816\/1208;\" \/><\/figure><\/li><li class=\"blocks-gallery-item fb-block-hover-animation-none\"><figure><img decoding=\"async\" width=\"679\" height=\"870\" data-src=\"https:\/\/totnaturaserveis.com\/wp-content\/uploads\/2025\/05\/1-2-1.jpg\" alt=\"1 (2)\" class=\"wp-image-49119 lazyload\" data-srcset=\"https:\/\/totnaturaserveis.com\/wp-content\/uploads\/2025\/05\/1-2-1.jpg 679w, https:\/\/totnaturaserveis.com\/wp-content\/uploads\/2025\/05\/1-2-1-234x300.jpg 234w\" data-sizes=\"(max-width: 679px) 100vw, 679px\" src=\"data:image\/gif;base64,R0lGODlhAQABAAAAACH5BAEKAAEALAAAAAABAAEAAAICTAEAOw==\" style=\"--smush-placeholder-width: 679px; --smush-placeholder-aspect-ratio: 679\/870;\" \/><\/figure><\/li><\/ul><\/div>\n","protected":false},"excerpt":{"rendered":"<p>En aquesta secci\u00f3 us convidem a explorar l&#8217;impacte visual dels nostres projectes de jardineria a trav\u00e9s d&#8217;imatges que mostren el proc\u00e9s de transformaci\u00f3 d&#8217;espais. Cada fotografia &#8220;Abans i Despr\u00e9s&#8221; il\u00b7lustra no nom\u00e9s el canvi est\u00e8tic, sin\u00f3 tamb\u00e9 la millora en la funcionalitat i sostenibilitat dels jardins que hem creat. Des de la instal\u00b7laci\u00f3 de gespa &#8230; <a title=\"Abans i Despr\u00e9s\" class=\"read-more\" href=\"https:\/\/totnaturaserveis.com\/ca\/els-nostres-serveis\/abans-i-despres\/\" aria-label=\"M\u00e9s informaci\u00f3 sobre Abans i Despr\u00e9s\">Read more<\/a><\/p>\n","protected":false},"author":1,"featured_media":49134,"parent":49193,"menu_order":0,"comment_status":"closed","ping_status":"closed","template":"","meta":{"footnotes":""},"class_list":["post-49183","page","type-page","status-publish","has-post-thumbnail"],"_links":{"self":[{"href":"https:\/\/totnaturaserveis.com\/ca\/wp-json\/wp\/v2\/pages\/49183","targetHints":{"allow":["GET"]}}],"collection":[{"href":"https:\/\/totnaturaserveis.com\/ca\/wp-json\/wp\/v2\/pages"}],"about":[{"href":"https:\/\/totnaturaserveis.com\/ca\/wp-json\/wp\/v2\/types\/page"}],"author":[{"embeddable":true,"href":"https:\/\/totnaturaserveis.com\/ca\/wp-json\/wp\/v2\/users\/1"}],"replies":[{"embeddable":true,"href":"https:\/\/totnaturaserveis.com\/ca\/wp-json\/wp\/v2\/comments?post=49183"}],"version-history":[{"count":1,"href":"https:\/\/totnaturaserveis.com\/ca\/wp-json\/wp\/v2\/pages\/49183\/revisions"}],"predecessor-version":[{"id":49201,"href":"https:\/\/totnaturaserveis.com\/ca\/wp-json\/wp\/v2\/pages\/49183\/revisions\/49201"}],"up":[{"embeddable":true,"href":"https:\/\/totnaturaserveis.com\/ca\/wp-json\/wp\/v2\/pages\/49193"}],"wp:featuredmedia":[{"embeddable":true,"href":"https:\/\/totnaturaserveis.com\/ca\/wp-json\/wp\/v2\/media\/49134"}],"wp:attachment":[{"href":"https:\/\/totnaturaserveis.com\/ca\/wp-json\/wp\/v2\/media?parent=49183"}],"curies":[{"name":"wp","href":"https:\/\/api.w.org\/{rel}","templated":true}]}}