{"id":49189,"date":"2025-05-17T19:33:22","date_gmt":"2025-05-17T17:33:22","guid":{"rendered":"https:\/\/totnaturaserveis.com\/aigua\/"},"modified":"2025-05-26T07:44:16","modified_gmt":"2025-05-26T05:44:16","slug":"aigua","status":"publish","type":"page","link":"https:\/\/totnaturaserveis.com\/ca\/els-nostres-serveis\/aigua\/","title":{"rendered":"Aigua"},"content":{"rendered":"\n<div>\n<p class=\"gb-text\">A <img decoding=\"async\" data-src=\"https:\/\/totnaturaserveis.com\/wp-content\/uploads\/2025\/05\/logo_horizontal_totnatura.png\" alt=\"Tot Natura Serveis de Jardineria\" src=\"data:image\/gif;base64,R0lGODlhAQABAAAAACH5BAEKAAEALAAAAAABAAEAAAICTAEAOw==\" class=\"lazyload\" style=\"--smush-placeholder-width: 269px; --smush-placeholder-aspect-ratio: 269\/24;\"> ens agrada introduir elements que aportin frescor i dinamisme al jard\u00ed, i considerem l&#8217;aigua un dels m\u00e9s importants a les nostres creacions, ja sigui en sortidors, fonts, estanys, cascades i altres elements. Fem realitat les seves idees o dissenyem segons les seves prefer\u00e8ncies complements que aportin personalitat pr\u00f2pia al jard\u00ed.<\/p>\n<\/div>\n\n\n\n<div><ul class=\"filebird-block-filebird-gallery wp-block-gallery blocks-gallery-grid columns-5 is-cropped\" style=\"--columns: 5;--space: 0px;--min-width: 0px;\"><li class=\"blocks-gallery-item fb-block-hover-animation-none\"><figure><img decoding=\"async\" width=\"1920\" height=\"1440\" data-src=\"https:\/\/totnaturaserveis.com\/wp-content\/uploads\/2025\/05\/p.jpg\" alt=\"p\" class=\"wp-image-49020 lazyload\" data-srcset=\"https:\/\/totnaturaserveis.com\/wp-content\/uploads\/2025\/05\/p.jpg 1920w, https:\/\/totnaturaserveis.com\/wp-content\/uploads\/2025\/05\/p-300x225.jpg 300w, https:\/\/totnaturaserveis.com\/wp-content\/uploads\/2025\/05\/p-1024x768.jpg 1024w, https:\/\/totnaturaserveis.com\/wp-content\/uploads\/2025\/05\/p-768x576.jpg 768w, https:\/\/totnaturaserveis.com\/wp-content\/uploads\/2025\/05\/p-1536x1152.jpg 1536w\" data-sizes=\"(max-width: 1920px) 100vw, 1920px\" src=\"data:image\/gif;base64,R0lGODlhAQABAAAAACH5BAEKAAEALAAAAAABAAEAAAICTAEAOw==\" style=\"--smush-placeholder-width: 1920px; --smush-placeholder-aspect-ratio: 1920\/1440;\" \/><\/figure><\/li><li class=\"blocks-gallery-item fb-block-hover-animation-none\"><figure><img decoding=\"async\" width=\"1920\" height=\"1440\" data-src=\"https:\/\/totnaturaserveis.com\/wp-content\/uploads\/2025\/05\/o.jpg\" alt=\"o\" class=\"wp-image-49019 lazyload\" data-srcset=\"https:\/\/totnaturaserveis.com\/wp-content\/uploads\/2025\/05\/o.jpg 1920w, https:\/\/totnaturaserveis.com\/wp-content\/uploads\/2025\/05\/o-300x225.jpg 300w, https:\/\/totnaturaserveis.com\/wp-content\/uploads\/2025\/05\/o-1024x768.jpg 1024w, https:\/\/totnaturaserveis.com\/wp-content\/uploads\/2025\/05\/o-768x576.jpg 768w, https:\/\/totnaturaserveis.com\/wp-content\/uploads\/2025\/05\/o-1536x1152.jpg 1536w\" data-sizes=\"(max-width: 1920px) 100vw, 1920px\" src=\"data:image\/gif;base64,R0lGODlhAQABAAAAACH5BAEKAAEALAAAAAABAAEAAAICTAEAOw==\" style=\"--smush-placeholder-width: 1920px; --smush-placeholder-aspect-ratio: 1920\/1440;\" \/><\/figure><\/li><li class=\"blocks-gallery-item fb-block-hover-animation-none\"><figure><img decoding=\"async\" width=\"1920\" height=\"1440\" data-src=\"https:\/\/totnaturaserveis.com\/wp-content\/uploads\/2025\/05\/DSC_0806.jpg\" alt=\"DSC_0806\" class=\"wp-image-49018 lazyload\" data-srcset=\"https:\/\/totnaturaserveis.com\/wp-content\/uploads\/2025\/05\/DSC_0806.jpg 1920w, https:\/\/totnaturaserveis.com\/wp-content\/uploads\/2025\/05\/DSC_0806-300x225.jpg 300w, https:\/\/totnaturaserveis.com\/wp-content\/uploads\/2025\/05\/DSC_0806-1024x768.jpg 1024w, https:\/\/totnaturaserveis.com\/wp-content\/uploads\/2025\/05\/DSC_0806-768x576.jpg 768w, https:\/\/totnaturaserveis.com\/wp-content\/uploads\/2025\/05\/DSC_0806-1536x1152.jpg 1536w\" data-sizes=\"(max-width: 1920px) 100vw, 1920px\" src=\"data:image\/gif;base64,R0lGODlhAQABAAAAACH5BAEKAAEALAAAAAABAAEAAAICTAEAOw==\" style=\"--smush-placeholder-width: 1920px; --smush-placeholder-aspect-ratio: 1920\/1440;\" \/><\/figure><\/li><li class=\"blocks-gallery-item fb-block-hover-animation-none\"><figure><img decoding=\"async\" width=\"1920\" height=\"1440\" data-src=\"https:\/\/totnaturaserveis.com\/wp-content\/uploads\/2025\/05\/DSC_0805.jpg\" alt=\"DSC_0805\" class=\"wp-image-49017 lazyload\" data-srcset=\"https:\/\/totnaturaserveis.com\/wp-content\/uploads\/2025\/05\/DSC_0805.jpg 1920w, https:\/\/totnaturaserveis.com\/wp-content\/uploads\/2025\/05\/DSC_0805-300x225.jpg 300w, https:\/\/totnaturaserveis.com\/wp-content\/uploads\/2025\/05\/DSC_0805-1024x768.jpg 1024w, https:\/\/totnaturaserveis.com\/wp-content\/uploads\/2025\/05\/DSC_0805-768x576.jpg 768w, https:\/\/totnaturaserveis.com\/wp-content\/uploads\/2025\/05\/DSC_0805-1536x1152.jpg 1536w\" data-sizes=\"(max-width: 1920px) 100vw, 1920px\" src=\"data:image\/gif;base64,R0lGODlhAQABAAAAACH5BAEKAAEALAAAAAABAAEAAAICTAEAOw==\" style=\"--smush-placeholder-width: 1920px; --smush-placeholder-aspect-ratio: 1920\/1440;\" \/><\/figure><\/li><li class=\"blocks-gallery-item fb-block-hover-animation-none\"><figure><img decoding=\"async\" width=\"1920\" height=\"1440\" data-src=\"https:\/\/totnaturaserveis.com\/wp-content\/uploads\/2025\/05\/DSC_0158.jpg\" alt=\"DSC_0158\" class=\"wp-image-49016 lazyload\" data-srcset=\"https:\/\/totnaturaserveis.com\/wp-content\/uploads\/2025\/05\/DSC_0158.jpg 1920w, https:\/\/totnaturaserveis.com\/wp-content\/uploads\/2025\/05\/DSC_0158-300x225.jpg 300w, https:\/\/totnaturaserveis.com\/wp-content\/uploads\/2025\/05\/DSC_0158-1024x768.jpg 1024w, https:\/\/totnaturaserveis.com\/wp-content\/uploads\/2025\/05\/DSC_0158-768x576.jpg 768w, https:\/\/totnaturaserveis.com\/wp-content\/uploads\/2025\/05\/DSC_0158-1536x1152.jpg 1536w\" data-sizes=\"(max-width: 1920px) 100vw, 1920px\" src=\"data:image\/gif;base64,R0lGODlhAQABAAAAACH5BAEKAAEALAAAAAABAAEAAAICTAEAOw==\" style=\"--smush-placeholder-width: 1920px; --smush-placeholder-aspect-ratio: 1920\/1440;\" \/><\/figure><\/li><li class=\"blocks-gallery-item fb-block-hover-animation-none\"><figure><img decoding=\"async\" width=\"1920\" height=\"1440\" data-src=\"https:\/\/totnaturaserveis.com\/wp-content\/uploads\/2025\/05\/DSC_0157.jpg\" alt=\"DSC_0157\" class=\"wp-image-49015 lazyload\" data-srcset=\"https:\/\/totnaturaserveis.com\/wp-content\/uploads\/2025\/05\/DSC_0157.jpg 1920w, https:\/\/totnaturaserveis.com\/wp-content\/uploads\/2025\/05\/DSC_0157-300x225.jpg 300w, https:\/\/totnaturaserveis.com\/wp-content\/uploads\/2025\/05\/DSC_0157-1024x768.jpg 1024w, https:\/\/totnaturaserveis.com\/wp-content\/uploads\/2025\/05\/DSC_0157-768x576.jpg 768w, https:\/\/totnaturaserveis.com\/wp-content\/uploads\/2025\/05\/DSC_0157-1536x1152.jpg 1536w\" data-sizes=\"(max-width: 1920px) 100vw, 1920px\" src=\"data:image\/gif;base64,R0lGODlhAQABAAAAACH5BAEKAAEALAAAAAABAAEAAAICTAEAOw==\" style=\"--smush-placeholder-width: 1920px; --smush-placeholder-aspect-ratio: 1920\/1440;\" \/><\/figure><\/li><li class=\"blocks-gallery-item fb-block-hover-animation-none\"><figure><img decoding=\"async\" width=\"1920\" height=\"1440\" data-src=\"https:\/\/totnaturaserveis.com\/wp-content\/uploads\/2025\/05\/DSC_0156.jpg\" alt=\"DSC_0156\" class=\"wp-image-49014 lazyload\" data-srcset=\"https:\/\/totnaturaserveis.com\/wp-content\/uploads\/2025\/05\/DSC_0156.jpg 1920w, https:\/\/totnaturaserveis.com\/wp-content\/uploads\/2025\/05\/DSC_0156-300x225.jpg 300w, https:\/\/totnaturaserveis.com\/wp-content\/uploads\/2025\/05\/DSC_0156-1024x768.jpg 1024w, https:\/\/totnaturaserveis.com\/wp-content\/uploads\/2025\/05\/DSC_0156-768x576.jpg 768w, https:\/\/totnaturaserveis.com\/wp-content\/uploads\/2025\/05\/DSC_0156-1536x1152.jpg 1536w\" data-sizes=\"(max-width: 1920px) 100vw, 1920px\" src=\"data:image\/gif;base64,R0lGODlhAQABAAAAACH5BAEKAAEALAAAAAABAAEAAAICTAEAOw==\" style=\"--smush-placeholder-width: 1920px; --smush-placeholder-aspect-ratio: 1920\/1440;\" \/><\/figure><\/li><li class=\"blocks-gallery-item fb-block-hover-animation-none\"><figure><img decoding=\"async\" width=\"1920\" height=\"1440\" data-src=\"https:\/\/totnaturaserveis.com\/wp-content\/uploads\/2025\/05\/DSC_0155_v1.jpg\" alt=\"DSC_0155_v1\" class=\"wp-image-49013 lazyload\" data-srcset=\"https:\/\/totnaturaserveis.com\/wp-content\/uploads\/2025\/05\/DSC_0155_v1.jpg 1920w, https:\/\/totnaturaserveis.com\/wp-content\/uploads\/2025\/05\/DSC_0155_v1-300x225.jpg 300w, https:\/\/totnaturaserveis.com\/wp-content\/uploads\/2025\/05\/DSC_0155_v1-1024x768.jpg 1024w, https:\/\/totnaturaserveis.com\/wp-content\/uploads\/2025\/05\/DSC_0155_v1-768x576.jpg 768w, https:\/\/totnaturaserveis.com\/wp-content\/uploads\/2025\/05\/DSC_0155_v1-1536x1152.jpg 1536w\" data-sizes=\"(max-width: 1920px) 100vw, 1920px\" src=\"data:image\/gif;base64,R0lGODlhAQABAAAAACH5BAEKAAEALAAAAAABAAEAAAICTAEAOw==\" style=\"--smush-placeholder-width: 1920px; --smush-placeholder-aspect-ratio: 1920\/1440;\" \/><\/figure><\/li><li class=\"blocks-gallery-item fb-block-hover-animation-none\"><figure><img decoding=\"async\" width=\"1920\" height=\"1440\" data-src=\"https:\/\/totnaturaserveis.com\/wp-content\/uploads\/2025\/05\/DSC_0155.jpg\" alt=\"DSC_0155\" class=\"wp-image-49012 lazyload\" data-srcset=\"https:\/\/totnaturaserveis.com\/wp-content\/uploads\/2025\/05\/DSC_0155.jpg 1920w, https:\/\/totnaturaserveis.com\/wp-content\/uploads\/2025\/05\/DSC_0155-300x225.jpg 300w, https:\/\/totnaturaserveis.com\/wp-content\/uploads\/2025\/05\/DSC_0155-1024x768.jpg 1024w, https:\/\/totnaturaserveis.com\/wp-content\/uploads\/2025\/05\/DSC_0155-768x576.jpg 768w, https:\/\/totnaturaserveis.com\/wp-content\/uploads\/2025\/05\/DSC_0155-1536x1152.jpg 1536w\" data-sizes=\"(max-width: 1920px) 100vw, 1920px\" src=\"data:image\/gif;base64,R0lGODlhAQABAAAAACH5BAEKAAEALAAAAAABAAEAAAICTAEAOw==\" style=\"--smush-placeholder-width: 1920px; --smush-placeholder-aspect-ratio: 1920\/1440;\" \/><\/figure><\/li><li class=\"blocks-gallery-item fb-block-hover-animation-none\"><figure><img decoding=\"async\" width=\"1440\" height=\"2560\" data-src=\"https:\/\/totnaturaserveis.com\/wp-content\/uploads\/2025\/05\/20170405_151317-scaled.jpg\" alt=\"20170405_151317\" class=\"wp-image-49011 lazyload\" data-srcset=\"https:\/\/totnaturaserveis.com\/wp-content\/uploads\/2025\/05\/20170405_151317-scaled.jpg 1440w, https:\/\/totnaturaserveis.com\/wp-content\/uploads\/2025\/05\/20170405_151317-169x300.jpg 169w, https:\/\/totnaturaserveis.com\/wp-content\/uploads\/2025\/05\/20170405_151317-576x1024.jpg 576w, https:\/\/totnaturaserveis.com\/wp-content\/uploads\/2025\/05\/20170405_151317-768x1365.jpg 768w, https:\/\/totnaturaserveis.com\/wp-content\/uploads\/2025\/05\/20170405_151317-864x1536.jpg 864w, https:\/\/totnaturaserveis.com\/wp-content\/uploads\/2025\/05\/20170405_151317-1152x2048.jpg 1152w\" data-sizes=\"(max-width: 1440px) 100vw, 1440px\" src=\"data:image\/gif;base64,R0lGODlhAQABAAAAACH5BAEKAAEALAAAAAABAAEAAAICTAEAOw==\" style=\"--smush-placeholder-width: 1440px; --smush-placeholder-aspect-ratio: 1440\/2560;\" \/><\/figure><\/li><li class=\"blocks-gallery-item fb-block-hover-animation-none\"><figure><img decoding=\"async\" width=\"1920\" height=\"1440\" data-src=\"https:\/\/totnaturaserveis.com\/wp-content\/uploads\/2025\/05\/19.jpg\" alt=\"19\" class=\"wp-image-49010 lazyload\" data-srcset=\"https:\/\/totnaturaserveis.com\/wp-content\/uploads\/2025\/05\/19.jpg 1920w, https:\/\/totnaturaserveis.com\/wp-content\/uploads\/2025\/05\/19-300x225.jpg 300w, https:\/\/totnaturaserveis.com\/wp-content\/uploads\/2025\/05\/19-1024x768.jpg 1024w, https:\/\/totnaturaserveis.com\/wp-content\/uploads\/2025\/05\/19-768x576.jpg 768w, https:\/\/totnaturaserveis.com\/wp-content\/uploads\/2025\/05\/19-1536x1152.jpg 1536w\" data-sizes=\"(max-width: 1920px) 100vw, 1920px\" src=\"data:image\/gif;base64,R0lGODlhAQABAAAAACH5BAEKAAEALAAAAAABAAEAAAICTAEAOw==\" style=\"--smush-placeholder-width: 1920px; --smush-placeholder-aspect-ratio: 1920\/1440;\" \/><\/figure><\/li><li class=\"blocks-gallery-item fb-block-hover-animation-none\"><figure><img decoding=\"async\" width=\"1920\" height=\"1440\" data-src=\"https:\/\/totnaturaserveis.com\/wp-content\/uploads\/2025\/05\/18.jpg\" alt=\"18\" class=\"wp-image-49009 lazyload\" data-srcset=\"https:\/\/totnaturaserveis.com\/wp-content\/uploads\/2025\/05\/18.jpg 1920w, https:\/\/totnaturaserveis.com\/wp-content\/uploads\/2025\/05\/18-300x225.jpg 300w, https:\/\/totnaturaserveis.com\/wp-content\/uploads\/2025\/05\/18-1024x768.jpg 1024w, https:\/\/totnaturaserveis.com\/wp-content\/uploads\/2025\/05\/18-768x576.jpg 768w, https:\/\/totnaturaserveis.com\/wp-content\/uploads\/2025\/05\/18-1536x1152.jpg 1536w\" data-sizes=\"(max-width: 1920px) 100vw, 1920px\" src=\"data:image\/gif;base64,R0lGODlhAQABAAAAACH5BAEKAAEALAAAAAABAAEAAAICTAEAOw==\" style=\"--smush-placeholder-width: 1920px; --smush-placeholder-aspect-ratio: 1920\/1440;\" \/><\/figure><\/li><li class=\"blocks-gallery-item fb-block-hover-animation-none\"><figure><img decoding=\"async\" width=\"868\" height=\"678\" data-src=\"https:\/\/totnaturaserveis.com\/wp-content\/uploads\/2025\/05\/16.2.jpg\" alt=\"16.2\" class=\"wp-image-49008 lazyload\" data-srcset=\"https:\/\/totnaturaserveis.com\/wp-content\/uploads\/2025\/05\/16.2.jpg 868w, https:\/\/totnaturaserveis.com\/wp-content\/uploads\/2025\/05\/16.2-300x234.jpg 300w, https:\/\/totnaturaserveis.com\/wp-content\/uploads\/2025\/05\/16.2-768x600.jpg 768w\" data-sizes=\"(max-width: 868px) 100vw, 868px\" src=\"data:image\/gif;base64,R0lGODlhAQABAAAAACH5BAEKAAEALAAAAAABAAEAAAICTAEAOw==\" style=\"--smush-placeholder-width: 868px; --smush-placeholder-aspect-ratio: 868\/678;\" \/><\/figure><\/li><li class=\"blocks-gallery-item fb-block-hover-animation-none\"><figure><img decoding=\"async\" width=\"1282\" height=\"869\" data-src=\"https:\/\/totnaturaserveis.com\/wp-content\/uploads\/2025\/05\/15.jpg\" alt=\"15\" class=\"wp-image-49007 lazyload\" data-srcset=\"https:\/\/totnaturaserveis.com\/wp-content\/uploads\/2025\/05\/15.jpg 1282w, https:\/\/totnaturaserveis.com\/wp-content\/uploads\/2025\/05\/15-300x203.jpg 300w, https:\/\/totnaturaserveis.com\/wp-content\/uploads\/2025\/05\/15-1024x694.jpg 1024w, https:\/\/totnaturaserveis.com\/wp-content\/uploads\/2025\/05\/15-768x521.jpg 768w\" data-sizes=\"(max-width: 1282px) 100vw, 1282px\" src=\"data:image\/gif;base64,R0lGODlhAQABAAAAACH5BAEKAAEALAAAAAABAAEAAAICTAEAOw==\" style=\"--smush-placeholder-width: 1282px; --smush-placeholder-aspect-ratio: 1282\/869;\" \/><\/figure><\/li><li class=\"blocks-gallery-item fb-block-hover-animation-none\"><figure><img decoding=\"async\" width=\"1920\" height=\"1440\" data-src=\"https:\/\/totnaturaserveis.com\/wp-content\/uploads\/2025\/05\/14.jpg\" alt=\"14\" class=\"wp-image-49006 lazyload\" data-srcset=\"https:\/\/totnaturaserveis.com\/wp-content\/uploads\/2025\/05\/14.jpg 1920w, https:\/\/totnaturaserveis.com\/wp-content\/uploads\/2025\/05\/14-300x225.jpg 300w, https:\/\/totnaturaserveis.com\/wp-content\/uploads\/2025\/05\/14-1024x768.jpg 1024w, https:\/\/totnaturaserveis.com\/wp-content\/uploads\/2025\/05\/14-768x576.jpg 768w, https:\/\/totnaturaserveis.com\/wp-content\/uploads\/2025\/05\/14-1536x1152.jpg 1536w\" data-sizes=\"(max-width: 1920px) 100vw, 1920px\" src=\"data:image\/gif;base64,R0lGODlhAQABAAAAACH5BAEKAAEALAAAAAABAAEAAAICTAEAOw==\" style=\"--smush-placeholder-width: 1920px; --smush-placeholder-aspect-ratio: 1920\/1440;\" \/><\/figure><\/li><li class=\"blocks-gallery-item fb-block-hover-animation-none\"><figure><img decoding=\"async\" width=\"1920\" height=\"1440\" data-src=\"https:\/\/totnaturaserveis.com\/wp-content\/uploads\/2025\/05\/13.jpg\" alt=\"13\" class=\"wp-image-49005 lazyload\" data-srcset=\"https:\/\/totnaturaserveis.com\/wp-content\/uploads\/2025\/05\/13.jpg 1920w, https:\/\/totnaturaserveis.com\/wp-content\/uploads\/2025\/05\/13-300x225.jpg 300w, https:\/\/totnaturaserveis.com\/wp-content\/uploads\/2025\/05\/13-1024x768.jpg 1024w, https:\/\/totnaturaserveis.com\/wp-content\/uploads\/2025\/05\/13-768x576.jpg 768w, https:\/\/totnaturaserveis.com\/wp-content\/uploads\/2025\/05\/13-1536x1152.jpg 1536w\" data-sizes=\"(max-width: 1920px) 100vw, 1920px\" src=\"data:image\/gif;base64,R0lGODlhAQABAAAAACH5BAEKAAEALAAAAAABAAEAAAICTAEAOw==\" style=\"--smush-placeholder-width: 1920px; --smush-placeholder-aspect-ratio: 1920\/1440;\" \/><\/figure><\/li><li class=\"blocks-gallery-item fb-block-hover-animation-none\"><figure><img decoding=\"async\" width=\"828\" height=\"1126\" data-src=\"https:\/\/totnaturaserveis.com\/wp-content\/uploads\/2025\/05\/11.jpg1_.jpg\" alt=\"11.jpg1\" class=\"wp-image-49004 lazyload\" data-srcset=\"https:\/\/totnaturaserveis.com\/wp-content\/uploads\/2025\/05\/11.jpg1_.jpg 828w, https:\/\/totnaturaserveis.com\/wp-content\/uploads\/2025\/05\/11.jpg1_-221x300.jpg 221w, https:\/\/totnaturaserveis.com\/wp-content\/uploads\/2025\/05\/11.jpg1_-753x1024.jpg 753w, https:\/\/totnaturaserveis.com\/wp-content\/uploads\/2025\/05\/11.jpg1_-768x1044.jpg 768w\" data-sizes=\"(max-width: 828px) 100vw, 828px\" src=\"data:image\/gif;base64,R0lGODlhAQABAAAAACH5BAEKAAEALAAAAAABAAEAAAICTAEAOw==\" style=\"--smush-placeholder-width: 828px; --smush-placeholder-aspect-ratio: 828\/1126;\" \/><\/figure><\/li><li class=\"blocks-gallery-item fb-block-hover-animation-none\"><figure><img decoding=\"async\" width=\"1279\" height=\"795\" data-src=\"https:\/\/totnaturaserveis.com\/wp-content\/uploads\/2025\/05\/10_3.jpg\" alt=\"10_3\" class=\"wp-image-49003 lazyload\" data-srcset=\"https:\/\/totnaturaserveis.com\/wp-content\/uploads\/2025\/05\/10_3.jpg 1279w, https:\/\/totnaturaserveis.com\/wp-content\/uploads\/2025\/05\/10_3-300x186.jpg 300w, https:\/\/totnaturaserveis.com\/wp-content\/uploads\/2025\/05\/10_3-1024x636.jpg 1024w, https:\/\/totnaturaserveis.com\/wp-content\/uploads\/2025\/05\/10_3-768x477.jpg 768w\" data-sizes=\"(max-width: 1279px) 100vw, 1279px\" src=\"data:image\/gif;base64,R0lGODlhAQABAAAAACH5BAEKAAEALAAAAAABAAEAAAICTAEAOw==\" style=\"--smush-placeholder-width: 1279px; --smush-placeholder-aspect-ratio: 1279\/795;\" \/><\/figure><\/li><li class=\"blocks-gallery-item fb-block-hover-animation-none\"><figure><img decoding=\"async\" width=\"1920\" height=\"1440\" data-src=\"https:\/\/totnaturaserveis.com\/wp-content\/uploads\/2025\/05\/10_1_2.jpg\" alt=\"User comments\" class=\"wp-image-49002 lazyload\" data-srcset=\"https:\/\/totnaturaserveis.com\/wp-content\/uploads\/2025\/05\/10_1_2.jpg 1920w, https:\/\/totnaturaserveis.com\/wp-content\/uploads\/2025\/05\/10_1_2-300x225.jpg 300w, https:\/\/totnaturaserveis.com\/wp-content\/uploads\/2025\/05\/10_1_2-1024x768.jpg 1024w, https:\/\/totnaturaserveis.com\/wp-content\/uploads\/2025\/05\/10_1_2-768x576.jpg 768w, https:\/\/totnaturaserveis.com\/wp-content\/uploads\/2025\/05\/10_1_2-1536x1152.jpg 1536w\" data-sizes=\"(max-width: 1920px) 100vw, 1920px\" src=\"data:image\/gif;base64,R0lGODlhAQABAAAAACH5BAEKAAEALAAAAAABAAEAAAICTAEAOw==\" style=\"--smush-placeholder-width: 1920px; --smush-placeholder-aspect-ratio: 1920\/1440;\" \/><\/figure><\/li><li class=\"blocks-gallery-item fb-block-hover-animation-none\"><figure><img decoding=\"async\" width=\"1280\" height=\"720\" data-src=\"https:\/\/totnaturaserveis.com\/wp-content\/uploads\/2025\/05\/9.jpg\" alt=\"9\" class=\"wp-image-49001 lazyload\" data-srcset=\"https:\/\/totnaturaserveis.com\/wp-content\/uploads\/2025\/05\/9.jpg 1280w, https:\/\/totnaturaserveis.com\/wp-content\/uploads\/2025\/05\/9-300x169.jpg 300w, https:\/\/totnaturaserveis.com\/wp-content\/uploads\/2025\/05\/9-1024x576.jpg 1024w, https:\/\/totnaturaserveis.com\/wp-content\/uploads\/2025\/05\/9-768x432.jpg 768w\" data-sizes=\"(max-width: 1280px) 100vw, 1280px\" src=\"data:image\/gif;base64,R0lGODlhAQABAAAAACH5BAEKAAEALAAAAAABAAEAAAICTAEAOw==\" style=\"--smush-placeholder-width: 1280px; --smush-placeholder-aspect-ratio: 1280\/720;\" \/><\/figure><\/li><li class=\"blocks-gallery-item fb-block-hover-animation-none\"><figure><img decoding=\"async\" width=\"880\" height=\"672\" data-src=\"https:\/\/totnaturaserveis.com\/wp-content\/uploads\/2025\/05\/8.jpg\" alt=\"8\" class=\"wp-image-49000 lazyload\" data-srcset=\"https:\/\/totnaturaserveis.com\/wp-content\/uploads\/2025\/05\/8.jpg 880w, https:\/\/totnaturaserveis.com\/wp-content\/uploads\/2025\/05\/8-300x229.jpg 300w, https:\/\/totnaturaserveis.com\/wp-content\/uploads\/2025\/05\/8-768x586.jpg 768w\" data-sizes=\"(max-width: 880px) 100vw, 880px\" src=\"data:image\/gif;base64,R0lGODlhAQABAAAAACH5BAEKAAEALAAAAAABAAEAAAICTAEAOw==\" style=\"--smush-placeholder-width: 880px; --smush-placeholder-aspect-ratio: 880\/672;\" \/><\/figure><\/li><li class=\"blocks-gallery-item fb-block-hover-animation-none\"><figure><img decoding=\"async\" width=\"954\" height=\"721\" data-src=\"https:\/\/totnaturaserveis.com\/wp-content\/uploads\/2025\/05\/6-1.jpg\" alt=\"6\" class=\"wp-image-48999 lazyload\" data-srcset=\"https:\/\/totnaturaserveis.com\/wp-content\/uploads\/2025\/05\/6-1.jpg 954w, https:\/\/totnaturaserveis.com\/wp-content\/uploads\/2025\/05\/6-1-300x227.jpg 300w, https:\/\/totnaturaserveis.com\/wp-content\/uploads\/2025\/05\/6-1-768x580.jpg 768w\" data-sizes=\"(max-width: 954px) 100vw, 954px\" src=\"data:image\/gif;base64,R0lGODlhAQABAAAAACH5BAEKAAEALAAAAAABAAEAAAICTAEAOw==\" style=\"--smush-placeholder-width: 954px; --smush-placeholder-aspect-ratio: 954\/721;\" \/><\/figure><\/li><li class=\"blocks-gallery-item fb-block-hover-animation-none\"><figure><img decoding=\"async\" width=\"2560\" height=\"1920\" data-src=\"https:\/\/totnaturaserveis.com\/wp-content\/uploads\/2025\/05\/5-1-scaled.jpg\" alt=\"5\" class=\"wp-image-48998 lazyload\" data-srcset=\"https:\/\/totnaturaserveis.com\/wp-content\/uploads\/2025\/05\/5-1-scaled.jpg 2560w, https:\/\/totnaturaserveis.com\/wp-content\/uploads\/2025\/05\/5-1-300x225.jpg 300w, https:\/\/totnaturaserveis.com\/wp-content\/uploads\/2025\/05\/5-1-1024x768.jpg 1024w, https:\/\/totnaturaserveis.com\/wp-content\/uploads\/2025\/05\/5-1-768x576.jpg 768w, https:\/\/totnaturaserveis.com\/wp-content\/uploads\/2025\/05\/5-1-1536x1152.jpg 1536w, https:\/\/totnaturaserveis.com\/wp-content\/uploads\/2025\/05\/5-1-2048x1536.jpg 2048w\" data-sizes=\"(max-width: 2560px) 100vw, 2560px\" src=\"data:image\/gif;base64,R0lGODlhAQABAAAAACH5BAEKAAEALAAAAAABAAEAAAICTAEAOw==\" style=\"--smush-placeholder-width: 2560px; --smush-placeholder-aspect-ratio: 2560\/1920;\" \/><\/figure><\/li><li class=\"blocks-gallery-item fb-block-hover-animation-none\"><figure><img decoding=\"async\" width=\"680\" height=\"862\" data-src=\"https:\/\/totnaturaserveis.com\/wp-content\/uploads\/2025\/05\/3.jpg2_.jpg\" alt=\"3.jpg2\" class=\"wp-image-48997 lazyload\" data-srcset=\"https:\/\/totnaturaserveis.com\/wp-content\/uploads\/2025\/05\/3.jpg2_.jpg 680w, https:\/\/totnaturaserveis.com\/wp-content\/uploads\/2025\/05\/3.jpg2_-237x300.jpg 237w\" data-sizes=\"(max-width: 680px) 100vw, 680px\" src=\"data:image\/gif;base64,R0lGODlhAQABAAAAACH5BAEKAAEALAAAAAABAAEAAAICTAEAOw==\" style=\"--smush-placeholder-width: 680px; --smush-placeholder-aspect-ratio: 680\/862;\" \/><\/figure><\/li><li class=\"blocks-gallery-item fb-block-hover-animation-none\"><figure><img decoding=\"async\" width=\"865\" height=\"723\" data-src=\"https:\/\/totnaturaserveis.com\/wp-content\/uploads\/2025\/05\/1-3.jpg\" alt=\"1\" class=\"wp-image-48996 lazyload\" data-srcset=\"https:\/\/totnaturaserveis.com\/wp-content\/uploads\/2025\/05\/1-3.jpg 865w, https:\/\/totnaturaserveis.com\/wp-content\/uploads\/2025\/05\/1-3-300x251.jpg 300w, https:\/\/totnaturaserveis.com\/wp-content\/uploads\/2025\/05\/1-3-768x642.jpg 768w\" data-sizes=\"(max-width: 865px) 100vw, 865px\" src=\"data:image\/gif;base64,R0lGODlhAQABAAAAACH5BAEKAAEALAAAAAABAAEAAAICTAEAOw==\" style=\"--smush-placeholder-width: 865px; --smush-placeholder-aspect-ratio: 865\/723;\" \/><\/figure><\/li><\/ul><\/div>\n","protected":false},"excerpt":{"rendered":"<p>A ens agrada introduir elements que aportin frescor i dinamisme al jard\u00ed, i considerem l&#8217;aigua un dels m\u00e9s importants a les nostres creacions, ja sigui en sortidors, fonts, estanys, cascades i altres elements. Fem realitat les seves idees o dissenyem segons les seves prefer\u00e8ncies complements que aportin personalitat pr\u00f2pia al jard\u00ed.<\/p>\n","protected":false},"author":1,"featured_media":48996,"parent":49193,"menu_order":0,"comment_status":"closed","ping_status":"closed","template":"","meta":{"footnotes":""},"class_list":["post-49189","page","type-page","status-publish","has-post-thumbnail"],"_links":{"self":[{"href":"https:\/\/totnaturaserveis.com\/ca\/wp-json\/wp\/v2\/pages\/49189","targetHints":{"allow":["GET"]}}],"collection":[{"href":"https:\/\/totnaturaserveis.com\/ca\/wp-json\/wp\/v2\/pages"}],"about":[{"href":"https:\/\/totnaturaserveis.com\/ca\/wp-json\/wp\/v2\/types\/page"}],"author":[{"embeddable":true,"href":"https:\/\/totnaturaserveis.com\/ca\/wp-json\/wp\/v2\/users\/1"}],"replies":[{"embeddable":true,"href":"https:\/\/totnaturaserveis.com\/ca\/wp-json\/wp\/v2\/comments?post=49189"}],"version-history":[{"count":1,"href":"https:\/\/totnaturaserveis.com\/ca\/wp-json\/wp\/v2\/pages\/49189\/revisions"}],"predecessor-version":[{"id":49197,"href":"https:\/\/totnaturaserveis.com\/ca\/wp-json\/wp\/v2\/pages\/49189\/revisions\/49197"}],"up":[{"embeddable":true,"href":"https:\/\/totnaturaserveis.com\/ca\/wp-json\/wp\/v2\/pages\/49193"}],"wp:featuredmedia":[{"embeddable":true,"href":"https:\/\/totnaturaserveis.com\/ca\/wp-json\/wp\/v2\/media\/48996"}],"wp:attachment":[{"href":"https:\/\/totnaturaserveis.com\/ca\/wp-json\/wp\/v2\/media?parent=49189"}],"curies":[{"name":"wp","href":"https:\/\/api.w.org\/{rel}","templated":true}]}}