{"id":49193,"date":"2023-10-15T20:27:32","date_gmt":"2023-10-15T18:27:32","guid":{"rendered":"https:\/\/totnaturaserveis.com\/els-nostres-serveis\/"},"modified":"2025-05-26T08:38:44","modified_gmt":"2025-05-26T06:38:44","slug":"els-nostres-serveis","status":"publish","type":"page","link":"https:\/\/totnaturaserveis.com\/ca\/els-nostres-serveis\/","title":{"rendered":"Els Nostres Serveis"},"content":{"rendered":"\n<div class=\"gbp-section gb-element-bc233964\">\n<div class=\"gbp-section__inner gb-element-2dd7a015\">\n<div class=\"gb-element-390c73fa\">\n<div>\n<h2 class=\"gb-text fondo_vde\">Dissenyem, constru\u00efm i cuidem jardins per viure&#8217;ls<\/h2>\n\n\n\n<p class=\"gb-text gbp-section__text--lg fondo_gris\">Tot all\u00f2 que el teu jard\u00ed necessita, des de la primera idea fins a l&#8217;\u00faltim detall.<\/p>\n\n\n\n<p class=\"gb-text\">A <img decoding=\"async\" data-src=\"https:\/\/totnaturaserveis.com\/wp-content\/uploads\/2025\/05\/logo_horizontal_totnatura.png\" alt=\"Tot Natura Serveis de Jardineria\" src=\"data:image\/gif;base64,R0lGODlhAQABAAAAACH5BAEKAAEALAAAAAABAAEAAAICTAEAOw==\" class=\"lazyload\" style=\"--smush-placeholder-width: 269px; --smush-placeholder-aspect-ratio: 269\/24;\"> portem des de 1997 dedicant-nos a la jardineria integral, amb un enfocament artesanal, t\u00e8cnic i comprom\u00e8s amb el medi ambient.<br>Realitzem des de dissenys d&#8217;avantguarda amb elements decoratius, fins a jardins mediterranis amb podes artesanals, utilitzant materials naturals com pedra, fusta, aigua i vegetaci\u00f3 aut\u00f2ctona o ex\u00f2tica.En llevamos desde 1997 dedic\u00e1ndonos a la jardiner\u00eda integral, con un enfoque artesanal, t\u00e9cnico y comprometido con el medio ambiente.<br>Realizamos desde dise\u00f1os de vanguardia con elementos decorativos, hasta jardines mediterr\u00e1neos con podas artesanales, utilizando materiales naturales como piedra, madera, agua y vegetaci\u00f3n aut\u00f3ctona o ex\u00f3tica.<\/p>\n\n\n\n<p class=\"gb-text\">Coordinem tots els aspectes del jard\u00ed: reg, il\u00b7luminaci\u00f3, obres, tarimes, gespa, mobiliari, estanys i m\u00e9s.<br><strong>La teva idea \u00e9s el nostre punt de partida. Nosaltres la desenvolupem i la fem realitat.<\/strong><\/p>\n<\/div>\n\n\n\n<div class=\"gb-element-64f86f2d\">\n<figure class=\"wp-block-image size-large\"><img decoding=\"async\" width=\"1024\" height=\"768\" data-src=\"https:\/\/totnaturaserveis.com\/wp-content\/uploads\/2025\/05\/jardineras_y_adecuaciones_28-1024x768.jpg\" alt=\"\" class=\"wp-image-47245 lazyload\" data-srcset=\"https:\/\/totnaturaserveis.com\/wp-content\/uploads\/2025\/05\/jardineras_y_adecuaciones_28-1024x768.jpg 1024w, https:\/\/totnaturaserveis.com\/wp-content\/uploads\/2025\/05\/jardineras_y_adecuaciones_28-300x225.jpg 300w, https:\/\/totnaturaserveis.com\/wp-content\/uploads\/2025\/05\/jardineras_y_adecuaciones_28-768x576.jpg 768w, https:\/\/totnaturaserveis.com\/wp-content\/uploads\/2025\/05\/jardineras_y_adecuaciones_28-1536x1152.jpg 1536w, https:\/\/totnaturaserveis.com\/wp-content\/uploads\/2025\/05\/jardineras_y_adecuaciones_28-2048x1536.jpg 2048w\" data-sizes=\"(max-width: 1024px) 100vw, 1024px\" src=\"data:image\/gif;base64,R0lGODlhAQABAAAAACH5BAEKAAEALAAAAAABAAEAAAICTAEAOw==\" style=\"--smush-placeholder-width: 1024px; --smush-placeholder-aspect-ratio: 1024\/768;\" \/><\/figure>\n<\/div>\n<\/div>\n<\/div>\n<\/div>\n\n\n\n<div class=\"gbp-section gb-element-4b4dda57\">\n<span class=\"gb-shape gb-shape-8a45e15f gb-shape--divider\"><svg preserveaspectratio=\"none\" xmlns=\"http:\/\/www.w3.org\/2000\/svg\" viewbox=\"0 0 400 27\"><path d=\"M400 27H0v-.5h342.71c2.46 0 4.89-.57 7.1-1.66L400 0v27Z\"><\/path><\/svg><\/span>\n\n\n\n<div><div class=\"gb-looper-8576c8c5\">\n<div class=\"gb-loop-item gb-loop-item-8879bcfa post-49182 page type-page status-publish has-post-thumbnail\">\n<img decoding=\"async\" width=\"1920\" height=\"1440\" data-media-id=\"48901\" class=\"gb-media-a951215a lazyload\" data-src=\"https:\/\/totnaturaserveis.com\/wp-content\/uploads\/2025\/05\/20150702_1427112.jpg\" alt=\"Gespa artificial\" data-srcset=\"https:\/\/totnaturaserveis.com\/wp-content\/uploads\/2025\/05\/20150702_1427112.jpg 1920w, https:\/\/totnaturaserveis.com\/wp-content\/uploads\/2025\/05\/20150702_1427112-300x225.jpg 300w, https:\/\/totnaturaserveis.com\/wp-content\/uploads\/2025\/05\/20150702_1427112-1024x768.jpg 1024w, https:\/\/totnaturaserveis.com\/wp-content\/uploads\/2025\/05\/20150702_1427112-768x576.jpg 768w, https:\/\/totnaturaserveis.com\/wp-content\/uploads\/2025\/05\/20150702_1427112-1536x1152.jpg 1536w\" data-sizes=\"(max-width: 1920px) 100vw, 1920px\" src=\"data:image\/gif;base64,R0lGODlhAQABAAAAACH5BAEKAAEALAAAAAABAAEAAAICTAEAOw==\" style=\"--smush-placeholder-width: 1920px; --smush-placeholder-aspect-ratio: 1920\/1440;\" \/>\n\n\n\n<h2 class=\"gb-text gb-text-d68b45de\"><a href=\"https:\/\/totnaturaserveis.com\/ca\/els-nostres-serveis\/gespa-artificial\/\">Gespa artificial<\/a><\/h2>\n\n\n\n<p class=\"gb-text\">Disposem de les millors varietats de gespa artificial del mercat, aix\u00ed com d\u2019accessoris per al seu muntatge i instal\u00b7laci\u00f3. Oferim un servei integral d\u2019assessorament, subministrament, instal\u00b7laci\u00f3 i manteniment de superf\u00edcies &#8230; <a title=\"Gespa artificial\" class=\"read-more\" href=\"https:\/\/totnaturaserveis.com\/ca\/els-nostres-serveis\/gespa-artificial\/\" aria-label=\"M\u00e9s informaci\u00f3 sobre Gespa artificial\">Read more<\/a><\/p>\n\n\n\n<button class=\"gb-text gb-text-86573410 gbp-button--primary\" href=\"https:\/\/totnaturaserveis.com\/ca\/els-nostres-serveis\/gespa-artificial\/\">Ver m\u00e1s<\/button>\n<\/div>\n\n<div class=\"gb-loop-item gb-loop-item-8879bcfa post-49192 page type-page status-publish has-post-thumbnail\">\n<img decoding=\"async\" width=\"1920\" height=\"1440\" data-media-id=\"48964\" class=\"gb-media-a951215a lazyload\" data-src=\"https:\/\/totnaturaserveis.com\/wp-content\/uploads\/2025\/05\/10.jpg\" alt=\"Retallades, podes i tales\" data-srcset=\"https:\/\/totnaturaserveis.com\/wp-content\/uploads\/2025\/05\/10.jpg 1920w, https:\/\/totnaturaserveis.com\/wp-content\/uploads\/2025\/05\/10-300x225.jpg 300w, https:\/\/totnaturaserveis.com\/wp-content\/uploads\/2025\/05\/10-1024x768.jpg 1024w, https:\/\/totnaturaserveis.com\/wp-content\/uploads\/2025\/05\/10-768x576.jpg 768w, https:\/\/totnaturaserveis.com\/wp-content\/uploads\/2025\/05\/10-1536x1152.jpg 1536w\" data-sizes=\"(max-width: 1920px) 100vw, 1920px\" src=\"data:image\/gif;base64,R0lGODlhAQABAAAAACH5BAEKAAEALAAAAAABAAEAAAICTAEAOw==\" style=\"--smush-placeholder-width: 1920px; --smush-placeholder-aspect-ratio: 1920\/1440;\" \/>\n\n\n\n<h2 class=\"gb-text gb-text-d68b45de\"><a href=\"https:\/\/totnaturaserveis.com\/ca\/els-nostres-serveis\/retallades-podes-i-tales\/\">Retallades, podes i tales<\/a><\/h2>\n\n\n\n<p class=\"gb-text\">Realitzem podes de tot tipus d&#8217;arbrat, netegem palmeres i donem forma a les diferents plantes del seu jard\u00ed i at\u00e8s que a som coneixedors dels diferents estils de poda, podem &#8230; <a title=\"Retallades, podes i tales\" class=\"read-more\" href=\"https:\/\/totnaturaserveis.com\/ca\/els-nostres-serveis\/retallades-podes-i-tales\/\" aria-label=\"M\u00e9s informaci\u00f3 sobre Retallades, podes i tales\">Read more<\/a><\/p>\n\n\n\n<button class=\"gb-text gb-text-86573410 gbp-button--primary\" href=\"https:\/\/totnaturaserveis.com\/ca\/els-nostres-serveis\/retallades-podes-i-tales\/\">Ver m\u00e1s<\/button>\n<\/div>\n\n<div class=\"gb-loop-item gb-loop-item-8879bcfa post-49189 page type-page status-publish has-post-thumbnail\">\n<img decoding=\"async\" width=\"865\" height=\"723\" data-media-id=\"48996\" class=\"gb-media-a951215a lazyload\" data-src=\"https:\/\/totnaturaserveis.com\/wp-content\/uploads\/2025\/05\/1-3.jpg\" alt=\"Aigua\" data-srcset=\"https:\/\/totnaturaserveis.com\/wp-content\/uploads\/2025\/05\/1-3.jpg 865w, https:\/\/totnaturaserveis.com\/wp-content\/uploads\/2025\/05\/1-3-300x251.jpg 300w, https:\/\/totnaturaserveis.com\/wp-content\/uploads\/2025\/05\/1-3-768x642.jpg 768w\" data-sizes=\"(max-width: 865px) 100vw, 865px\" src=\"data:image\/gif;base64,R0lGODlhAQABAAAAACH5BAEKAAEALAAAAAABAAEAAAICTAEAOw==\" style=\"--smush-placeholder-width: 865px; --smush-placeholder-aspect-ratio: 865\/723;\" \/>\n\n\n\n<h2 class=\"gb-text gb-text-d68b45de\"><a href=\"https:\/\/totnaturaserveis.com\/ca\/els-nostres-serveis\/aigua\/\">Aigua<\/a><\/h2>\n\n\n\n<p class=\"gb-text\">A ens agrada introduir elements que aportin frescor i dinamisme al jard\u00ed, i considerem l&#8217;aigua un dels m\u00e9s importants a les nostres creacions, ja sigui en sortidors, fonts, estanys, cascades &#8230; <a title=\"Aigua\" class=\"read-more\" href=\"https:\/\/totnaturaserveis.com\/ca\/els-nostres-serveis\/aigua\/\" aria-label=\"M\u00e9s informaci\u00f3 sobre Aigua\">Read more<\/a><\/p>\n\n\n\n<button class=\"gb-text gb-text-86573410 gbp-button--primary\" href=\"https:\/\/totnaturaserveis.com\/ca\/els-nostres-serveis\/aigua\/\">Ver m\u00e1s<\/button>\n<\/div>\n\n<div class=\"gb-loop-item gb-loop-item-8879bcfa post-49187 page type-page status-publish has-post-thumbnail\">\n<img decoding=\"async\" width=\"1920\" height=\"1440\" data-media-id=\"49104\" class=\"gb-media-a951215a lazyload\" data-src=\"https:\/\/totnaturaserveis.com\/wp-content\/uploads\/2025\/05\/zzu.jpg\" alt=\"Treballs en fusta\" data-srcset=\"https:\/\/totnaturaserveis.com\/wp-content\/uploads\/2025\/05\/zzu.jpg 1920w, https:\/\/totnaturaserveis.com\/wp-content\/uploads\/2025\/05\/zzu-300x225.jpg 300w, https:\/\/totnaturaserveis.com\/wp-content\/uploads\/2025\/05\/zzu-1024x768.jpg 1024w, https:\/\/totnaturaserveis.com\/wp-content\/uploads\/2025\/05\/zzu-768x576.jpg 768w, https:\/\/totnaturaserveis.com\/wp-content\/uploads\/2025\/05\/zzu-1536x1152.jpg 1536w\" data-sizes=\"(max-width: 1920px) 100vw, 1920px\" src=\"data:image\/gif;base64,R0lGODlhAQABAAAAACH5BAEKAAEALAAAAAABAAEAAAICTAEAOw==\" style=\"--smush-placeholder-width: 1920px; --smush-placeholder-aspect-ratio: 1920\/1440;\" \/>\n\n\n\n<h2 class=\"gb-text gb-text-d68b45de\"><a href=\"https:\/\/totnaturaserveis.com\/ca\/els-nostres-serveis\/treballs-en-fusta\/\">Treballs en fusta<\/a><\/h2>\n\n\n\n<p class=\"gb-text\">Realitzem tarimes de fustes tropicals molt resistents al tr\u00e0nsit i amb els \u00faltims compostos sint\u00e8tics que ens permeten tenir un paviment amb un nivell de manteniment pr\u00e0cticament nul i un &#8230; <a title=\"Treballs en fusta\" class=\"read-more\" href=\"https:\/\/totnaturaserveis.com\/ca\/els-nostres-serveis\/treballs-en-fusta\/\" aria-label=\"M\u00e9s informaci\u00f3 sobre Treballs en fusta\">Read more<\/a><\/p>\n\n\n\n<button class=\"gb-text gb-text-86573410 gbp-button--primary\" href=\"https:\/\/totnaturaserveis.com\/ca\/els-nostres-serveis\/treballs-en-fusta\/\">Ver m\u00e1s<\/button>\n<\/div>\n\n<div class=\"gb-loop-item gb-loop-item-8879bcfa post-49186 page type-page status-publish has-post-thumbnail\">\n<img decoding=\"async\" width=\"1920\" height=\"1440\" data-media-id=\"49048\" class=\"gb-media-a951215a lazyload\" data-src=\"https:\/\/totnaturaserveis.com\/wp-content\/uploads\/2025\/05\/25032009765.jpg\" alt=\"Instal\u00b7lacions \u2013 Il\u00b7luminaci\u00f3 i Reg \u2013\" data-srcset=\"https:\/\/totnaturaserveis.com\/wp-content\/uploads\/2025\/05\/25032009765.jpg 1920w, https:\/\/totnaturaserveis.com\/wp-content\/uploads\/2025\/05\/25032009765-300x225.jpg 300w, https:\/\/totnaturaserveis.com\/wp-content\/uploads\/2025\/05\/25032009765-1024x768.jpg 1024w, https:\/\/totnaturaserveis.com\/wp-content\/uploads\/2025\/05\/25032009765-768x576.jpg 768w, https:\/\/totnaturaserveis.com\/wp-content\/uploads\/2025\/05\/25032009765-1536x1152.jpg 1536w\" data-sizes=\"(max-width: 1920px) 100vw, 1920px\" src=\"data:image\/gif;base64,R0lGODlhAQABAAAAACH5BAEKAAEALAAAAAABAAEAAAICTAEAOw==\" style=\"--smush-placeholder-width: 1920px; --smush-placeholder-aspect-ratio: 1920\/1440;\" \/>\n\n\n\n<h2 class=\"gb-text gb-text-d68b45de\"><a href=\"https:\/\/totnaturaserveis.com\/ca\/els-nostres-serveis\/instal%c2%b7lacions-il%c2%b7luminacio-i-reg\/\">Instal\u00b7lacions &#8211; Il\u00b7luminaci\u00f3 i Reg &#8211;<\/a><\/h2>\n\n\n\n<p class=\"gb-text\">Il\u00b7luminaci\u00f3 Al jard\u00ed actual no nom\u00e9s compten les plantes; hi ha una infinitat d\u2019elements que en formen part. Per aix\u00f2, oferim absolutament tots els serveis necessaris per a la seva &#8230; <a title=\"Instal\u00b7lacions &#8211; Il\u00b7luminaci\u00f3 i Reg &#8211;\" class=\"read-more\" href=\"https:\/\/totnaturaserveis.com\/ca\/els-nostres-serveis\/instal%c2%b7lacions-il%c2%b7luminacio-i-reg\/\" aria-label=\"M\u00e9s informaci\u00f3 sobre Instal\u00b7lacions &#8211; Il\u00b7luminaci\u00f3 i Reg &#8211;\">Read more<\/a><\/p>\n\n\n\n<button class=\"gb-text gb-text-86573410 gbp-button--primary\" href=\"https:\/\/totnaturaserveis.com\/ca\/els-nostres-serveis\/instal%c2%b7lacions-il%c2%b7luminacio-i-reg\/\">Ver m\u00e1s<\/button>\n<\/div>\n\n<div class=\"gb-loop-item gb-loop-item-8879bcfa post-49185 page type-page status-publish has-post-thumbnail\">\n<img decoding=\"async\" width=\"1599\" height=\"899\" data-media-id=\"48654\" class=\"gb-media-a951215a lazyload\" data-src=\"https:\/\/totnaturaserveis.com\/wp-content\/uploads\/2025\/05\/IMG-20200207-WA0013.jpg\" alt=\"Disseny\" data-srcset=\"https:\/\/totnaturaserveis.com\/wp-content\/uploads\/2025\/05\/IMG-20200207-WA0013.jpg 1599w, https:\/\/totnaturaserveis.com\/wp-content\/uploads\/2025\/05\/IMG-20200207-WA0013-300x169.jpg 300w, https:\/\/totnaturaserveis.com\/wp-content\/uploads\/2025\/05\/IMG-20200207-WA0013-1024x576.jpg 1024w, https:\/\/totnaturaserveis.com\/wp-content\/uploads\/2025\/05\/IMG-20200207-WA0013-768x432.jpg 768w, https:\/\/totnaturaserveis.com\/wp-content\/uploads\/2025\/05\/IMG-20200207-WA0013-1536x864.jpg 1536w\" data-sizes=\"(max-width: 1599px) 100vw, 1599px\" src=\"data:image\/gif;base64,R0lGODlhAQABAAAAACH5BAEKAAEALAAAAAABAAEAAAICTAEAOw==\" style=\"--smush-placeholder-width: 1599px; --smush-placeholder-aspect-ratio: 1599\/899;\" \/>\n\n\n\n<h2 class=\"gb-text gb-text-d68b45de\"><a href=\"https:\/\/totnaturaserveis.com\/ca\/els-nostres-serveis\/disseny\/\">Disseny<\/a><\/h2>\n\n\n\n<p class=\"gb-text\">Ja sigui partint de les seves idees o de zero, mitjan\u00e7ant esbossos, dibuixos, pl\u00e0nols en 2D i projeccions en 3D us presentem el projecte que millor s&#8217;adapti al seu terreny &#8230; <a title=\"Disseny\" class=\"read-more\" href=\"https:\/\/totnaturaserveis.com\/ca\/els-nostres-serveis\/disseny\/\" aria-label=\"M\u00e9s informaci\u00f3 sobre Disseny\">Read more<\/a><\/p>\n\n\n\n<button class=\"gb-text gb-text-86573410 gbp-button--primary\" href=\"https:\/\/totnaturaserveis.com\/ca\/els-nostres-serveis\/disseny\/\">Ver m\u00e1s<\/button>\n<\/div>\n\n<div class=\"gb-loop-item gb-loop-item-8879bcfa post-49184 page type-page status-publish has-post-thumbnail\">\n<img decoding=\"async\" width=\"1920\" height=\"1440\" data-media-id=\"48953\" class=\"gb-media-a951215a lazyload\" data-src=\"https:\/\/totnaturaserveis.com\/wp-content\/uploads\/2025\/05\/DSC_0786.jpg\" alt=\"Feines de paleta aplicada a la jardineria\" data-srcset=\"https:\/\/totnaturaserveis.com\/wp-content\/uploads\/2025\/05\/DSC_0786.jpg 1920w, https:\/\/totnaturaserveis.com\/wp-content\/uploads\/2025\/05\/DSC_0786-300x225.jpg 300w, https:\/\/totnaturaserveis.com\/wp-content\/uploads\/2025\/05\/DSC_0786-1024x768.jpg 1024w, https:\/\/totnaturaserveis.com\/wp-content\/uploads\/2025\/05\/DSC_0786-768x576.jpg 768w, https:\/\/totnaturaserveis.com\/wp-content\/uploads\/2025\/05\/DSC_0786-1536x1152.jpg 1536w\" data-sizes=\"(max-width: 1920px) 100vw, 1920px\" src=\"data:image\/gif;base64,R0lGODlhAQABAAAAACH5BAEKAAEALAAAAAABAAEAAAICTAEAOw==\" style=\"--smush-placeholder-width: 1920px; --smush-placeholder-aspect-ratio: 1920\/1440;\" \/>\n\n\n\n<h2 class=\"gb-text gb-text-d68b45de\"><a href=\"https:\/\/totnaturaserveis.com\/ca\/els-nostres-serveis\/feines-de-paleta-aplicada-a-la-jardineria\/\">Feines de paleta aplicada a la jardineria<\/a><\/h2>\n\n\n\n<p class=\"gb-text\">Moltes vegades per a la construcci\u00f3 d&#8217;un jard\u00ed calen treballs de paleta, disposem de paletes especialitzats i professionals, ens encarreguem d&#8217;aquestes petites reformes i coordinem el conjunt de l&#8217;obra del &#8230; <a title=\"Feines de paleta aplicada a la jardineria\" class=\"read-more\" href=\"https:\/\/totnaturaserveis.com\/ca\/els-nostres-serveis\/feines-de-paleta-aplicada-a-la-jardineria\/\" aria-label=\"M\u00e9s informaci\u00f3 sobre Feines de paleta aplicada a la jardineria\">Read more<\/a><\/p>\n\n\n\n<button class=\"gb-text gb-text-86573410 gbp-button--primary\" href=\"https:\/\/totnaturaserveis.com\/ca\/els-nostres-serveis\/feines-de-paleta-aplicada-a-la-jardineria\/\">Ver m\u00e1s<\/button>\n<\/div>\n\n<div class=\"gb-loop-item gb-loop-item-8879bcfa post-49183 page type-page status-publish has-post-thumbnail\">\n<img decoding=\"async\" width=\"1217\" height=\"813\" data-media-id=\"49134\" class=\"gb-media-a951215a lazyload\" data-src=\"https:\/\/totnaturaserveis.com\/wp-content\/uploads\/2025\/05\/IMG_20201028_101810_893-1.jpg\" alt=\"Abans i Despr\u00e9s\" data-srcset=\"https:\/\/totnaturaserveis.com\/wp-content\/uploads\/2025\/05\/IMG_20201028_101810_893-1.jpg 1217w, https:\/\/totnaturaserveis.com\/wp-content\/uploads\/2025\/05\/IMG_20201028_101810_893-1-300x200.jpg 300w, https:\/\/totnaturaserveis.com\/wp-content\/uploads\/2025\/05\/IMG_20201028_101810_893-1-1024x684.jpg 1024w, https:\/\/totnaturaserveis.com\/wp-content\/uploads\/2025\/05\/IMG_20201028_101810_893-1-768x513.jpg 768w\" data-sizes=\"(max-width: 1217px) 100vw, 1217px\" src=\"data:image\/gif;base64,R0lGODlhAQABAAAAACH5BAEKAAEALAAAAAABAAEAAAICTAEAOw==\" style=\"--smush-placeholder-width: 1217px; --smush-placeholder-aspect-ratio: 1217\/813;\" \/>\n\n\n\n<h2 class=\"gb-text gb-text-d68b45de\"><a href=\"https:\/\/totnaturaserveis.com\/ca\/els-nostres-serveis\/abans-i-despres\/\">Abans i Despr\u00e9s<\/a><\/h2>\n\n\n\n<p class=\"gb-text\">En aquesta secci\u00f3 us convidem a explorar l&#8217;impacte visual dels nostres projectes de jardineria a trav\u00e9s d&#8217;imatges que mostren el proc\u00e9s de transformaci\u00f3 d&#8217;espais. Cada fotografia &#8220;Abans i Despr\u00e9s&#8221; il\u00b7lustra &#8230; <a title=\"Abans i Despr\u00e9s\" class=\"read-more\" href=\"https:\/\/totnaturaserveis.com\/ca\/els-nostres-serveis\/abans-i-despres\/\" aria-label=\"M\u00e9s informaci\u00f3 sobre Abans i Despr\u00e9s\">Read more<\/a><\/p>\n\n\n\n<button class=\"gb-text gb-text-86573410 gbp-button--primary\" href=\"https:\/\/totnaturaserveis.com\/ca\/els-nostres-serveis\/abans-i-despres\/\">Ver m\u00e1s<\/button>\n<\/div>\n<\/div>\n\n\n<div class=\"gb-element-27c231ba gb-query-loop-pagination\">\n\n\n\n<\/div>\n\n\n<\/div>\n<\/div>\n\n\n\n<div class=\"gbp-section gb-element-6a088c1f\">\n<span class=\"gb-shape gb-shape-01322d92 gb-shape--divider\"><svg preserveaspectratio=\"none\" xmlns=\"http:\/\/www.w3.org\/2000\/svg\" viewbox=\"0 0 400 27\"><path d=\"M400 27H0v-.5h342.71c2.46 0 4.89-.57 7.1-1.66L400 0v27Z\"><\/path><\/svg><\/span>\n\n\n\n<div class=\"gbp-section__inner gb-element-4969bf2c\">\n<div class=\"gb-element-0e67e0d8\">\n<h2 class=\"gb-text gb-text-28703bf7\">La nostra manera de treballar<\/h2>\n\n\n\n<p class=\"gb-text gbp-section__text--lg gb-text-5fbca354\">Compromisos reals, no promeses buides.<\/p>\n<\/div>\n\n\n\n<div>\n<div class=\"gb-element-0c345e8e\">\n<div class=\"gbp--border-radius gb-element-397aaacd\">\n<div class=\"gb-element-0f0b2617\">\n<span class=\"gb-shape gb-shape-59267fd9\"><svg xmlns=\"http:\/\/www.w3.org\/2000\/svg\" width=\"32\" height=\"32\" viewbox=\"0 0 256 256\"><path d=\"M229.26,90.4a108,108,0,0,1-177.63,114A108,108,0,0,1,195.41,43.63l20.1-20.11a12,12,0,0,1,17,17l-96,96a12,12,0,1,1-17-17l24-24a36,36,0,1,0,19.76,39.65,12,12,0,0,1,23.53,4.74,60,60,0,1,1-25.73-62L178.3,60.74a84,84,0,1,0,28.46,38,12,12,0,1,1,22.5-8.35Z\"><\/path><\/svg><\/span>\n\n\n\n<div>\n<h3 class=\"gb-text gb-text-89853803\">Escoltem i assessorem des del primer moment<\/h3>\n\n\n\n<p class=\"gb-text gb-text-0bfe355d\">Ja sigui partint de les vostres idees o de zero, us presentem el projecte que millor s&#8217;adapti al vostre terreny i als vostres gustos.<\/p>\n<\/div>\n<\/div>\n<\/div>\n\n\n\n<div class=\"gbp--border-radius gb-element-aec76569\">\n<div class=\"gb-element-a8bf180c\">\n<span class=\"gb-shape gb-shape-2038f60e\"><svg xmlns=\"http:\/\/www.w3.org\/2000\/svg\" width=\"32\" height=\"32\" viewbox=\"0 0 256 256\"><path d=\"M164.38,181.1a52,52,0,1,0-72.76,0,75.89,75.89,0,0,0-30,28.89,12,12,0,0,0,20.78,12,53,53,0,0,1,91.22,0,12,12,0,1,0,20.78-12A75.89,75.89,0,0,0,164.38,181.1ZM100,144a28,28,0,1,1,28,28A28,28,0,0,1,100,144Zm147.21,9.59a12,12,0,0,1-16.81-2.39c-8.33-11.09-19.85-19.59-29.33-21.64a12,12,0,0,1-1.82-22.91,20,20,0,1,0-24.78-28.3,12,12,0,1,1-21-11.6,44,44,0,1,1,73.28,48.35,92.18,92.18,0,0,1,22.85,21.69A12,12,0,0,1,247.21,153.59Zm-192.28-24c-9.48,2.05-21,10.55-29.33,21.65A12,12,0,0,1,6.41,136.79,92.37,92.37,0,0,1,29.26,115.1a44,44,0,1,1,73.28-48.35,12,12,0,1,1-21,11.6,20,20,0,1,0-24.78,28.3,12,12,0,0,1-1.82,22.91Z\"><\/path><\/svg><\/span>\n\n\n\n<div>\n<h3 class=\"gb-text gb-text-4453995a\">Coordinem tot el proc\u00e9s<\/h3>\n\n\n\n<div>\n<p class=\"gb-text gb-text-6927bf3f\">Ens encarreguem d&#8217;aquestes petites reformes i coordinem el conjunt de l&#8217;obra del jard\u00ed<\/p>\n<\/div>\n<\/div>\n<\/div>\n<\/div>\n\n\n\n<div class=\"gbp--border-radius gb-element-4f7a9985\">\n<div class=\"gb-element-f3bb56f7\">\n<span class=\"gb-shape gb-shape-d426609c\"><svg xmlns=\"http:\/\/www.w3.org\/2000\/svg\" width=\"32\" height=\"32\" viewbox=\"0 0 256 256\"><path d=\"M208,36H48A20,20,0,0,0,28,56v56c0,54.29,26.32,87.22,48.4,105.29,23.71,19.39,47.44,26,48.44,26.29a12.1,12.1,0,0,0,6.32,0c1-.28,24.73-6.9,48.44-26.29,22.08-18.07,48.4-51,48.4-105.29V56A20,20,0,0,0,208,36Zm-4,76c0,35.71-13.09,64.69-38.91,86.15A126.28,126.28,0,0,1,128,219.38a126.14,126.14,0,0,1-37.09-21.23C65.09,176.69,52,147.71,52,112V60H204ZM79.51,144.49a12,12,0,1,1,17-17L112,143l47.51-47.52a12,12,0,0,1,17,17l-56,56a12,12,0,0,1-17,0Z\"><\/path><\/svg><\/span>\n\n\n\n<div>\n<h3 class=\"gb-text gb-text-6b527a20\">Comprom\u00eds ambiental i sostenibilitat<\/h3>\n\n\n\n<p class=\"gb-text gb-text-94f2fd74\">Apliquem premisses di\u00e0ries com el reciclatge, l&#8217;\u00fas d&#8217;aig\u00fces reciclades i materials garantits.<\/p>\n<\/div>\n<\/div>\n<\/div>\n\n\n\n<div class=\"gbp--border-radius gb-element-f6d99b6b\">\n<div class=\"gb-element-2e6fe988\">\n<span class=\"gb-shape gb-shape-f3824289\"><svg xmlns=\"http:\/\/www.w3.org\/2000\/svg\" width=\"32\" height=\"32\" viewbox=\"0 0 256 256\"><path d=\"M208,76H180V56A52,52,0,0,0,76,56V76H48A20,20,0,0,0,28,96V208a20,20,0,0,0,20,20H208a20,20,0,0,0,20-20V96A20,20,0,0,0,208,76ZM100,56a28,28,0,0,1,56,0V76H100ZM204,204H52V100H204Zm-60-52a16,16,0,1,1-16-16A16,16,0,0,1,144,152Z\"><\/path><\/svg><\/span>\n\n\n\n<div>\n<h3 class=\"gb-text gb-text-e661858e\">Tracte directe, professional i honest<\/h3>\n\n\n\n<p class=\"gb-text gb-text-0848d3aa\">Els nostres clients s\u00f3n la nostra principal garantia d&#8217;un treball seri\u00f3s, professional i responsable<\/p>\n<\/div>\n<\/div>\n<\/div>\n<\/div>\n<\/div>\n<\/div>\n<\/div>\n\n\n\n<div class=\"gbp-section gb-element-257b18c8\">\n<div class=\"gbp-section__inner gb-element-d73f6bbb\">\n<div class=\"gb-element-06396e6b\">\n<div class=\"gb-element-c087e086\"><\/div>\n\n\n\n<div class=\"gb-element-f5183e87\">\n<h2 class=\"gb-text\">Parlem sobre el teu jard\u00ed?<\/h2>\n\n\n\n<p class=\"gb-text\">Som aqu\u00ed per ajudar-te a millorar el teu espai exterior, sigui quina sigui la seva mida. Explica&#8217;ns la teva idea, les teves necessitats o simplement el que t&#8217;agradaria tenir.<br><strong>Nosaltres ho fem possible.<\/strong><\/p>\n\n\n\n<a class=\"gb-text gbp-button--primary gb-text-63de67df\" href=\"https:\/\/totnaturaserveis.com\/contacto\/\">Demana pressupost sense comprom\u00eds<\/a>\n\n\n\n<div class=\"gbp--border-radius gb-element-7b7b0c61\">\n<span class=\"gb-shape gb-shape-9adc4c74\"><svg viewbox=\"0 0 256 256\" height=\"32\" width=\"32\" xmlns=\"http:\/\/www.w3.org\/2000\/svg\"><path d=\"M224,154.8l-47.09-21.11-.18-.08a19.94,19.94,0,0,0-19,1.75,13.08,13.08,0,0,0-1.12.84l-22.31,19c-13-7.05-26.43-20.37-33.49-33.21l19.06-22.66a11.76,11.76,0,0,0,.85-1.15,20,20,0,0,0,1.66-18.83,1.42,1.42,0,0,1-.08-.18L101.2,32A20.06,20.06,0,0,0,80.42,20.15,60.27,60.27,0,0,0,28,80c0,81.61,66.39,148,148,148a60.27,60.27,0,0,0,59.85-52.42A20.06,20.06,0,0,0,224,154.8ZM176,204A124.15,124.15,0,0,1,52,80,36.29,36.29,0,0,1,80.48,44.46l18.82,42L80.14,109.28a12,12,0,0,0-.86,1.16A20,20,0,0,0,78,130.08c9.42,19.28,28.83,38.56,48.31,48A20,20,0,0,0,146,176.63a11.63,11.63,0,0,0,1.11-.85l22.43-19.07,42,18.81A36.29,36.29,0,0,1,176,204Z\"><\/path><\/svg><\/span>\n\n\n\n<div>\n<p class=\"gb-text gbp-section__text--lg gb-text-e27f708e\">Truca ara<\/p>\n\n\n\n<h3 class=\"gb-text gb-text-71699992\"><a href=\"tel:34629711410\">(+34) 629 711 410<\/a><\/h3>\n<\/div>\n<\/div>\n<\/div>\n<\/div>\n<\/div>\n<\/div>\n","protected":false},"excerpt":{"rendered":"<p>Dissenyem, constru\u00efm i cuidem jardins per viure&#8217;ls Tot all\u00f2 que el teu jard\u00ed necessita, des de la primera idea fins a l&#8217;\u00faltim detall. A portem des de 1997 dedicant-nos a la jardineria integral, amb un enfocament artesanal, t\u00e8cnic i comprom\u00e8s amb el medi ambient.Realitzem des de dissenys d&#8217;avantguarda amb elements decoratius, fins a jardins mediterranis &#8230; <a title=\"Els Nostres Serveis\" class=\"read-more\" href=\"https:\/\/totnaturaserveis.com\/ca\/els-nostres-serveis\/\" aria-label=\"M\u00e9s informaci\u00f3 sobre Els Nostres Serveis\">Read more<\/a><\/p>\n","protected":false},"author":1,"featured_media":0,"parent":0,"menu_order":0,"comment_status":"closed","ping_status":"closed","template":"","meta":{"footnotes":""},"class_list":["post-49193","page","type-page","status-publish"],"_links":{"self":[{"href":"https:\/\/totnaturaserveis.com\/ca\/wp-json\/wp\/v2\/pages\/49193","targetHints":{"allow":["GET"]}}],"collection":[{"href":"https:\/\/totnaturaserveis.com\/ca\/wp-json\/wp\/v2\/pages"}],"about":[{"href":"https:\/\/totnaturaserveis.com\/ca\/wp-json\/wp\/v2\/types\/page"}],"author":[{"embeddable":true,"href":"https:\/\/totnaturaserveis.com\/ca\/wp-json\/wp\/v2\/users\/1"}],"replies":[{"embeddable":true,"href":"https:\/\/totnaturaserveis.com\/ca\/wp-json\/wp\/v2\/comments?post=49193"}],"version-history":[{"count":1,"href":"https:\/\/totnaturaserveis.com\/ca\/wp-json\/wp\/v2\/pages\/49193\/revisions"}],"predecessor-version":[{"id":49236,"href":"https:\/\/totnaturaserveis.com\/ca\/wp-json\/wp\/v2\/pages\/49193\/revisions\/49236"}],"wp:attachment":[{"href":"https:\/\/totnaturaserveis.com\/ca\/wp-json\/wp\/v2\/media?parent=49193"}],"curies":[{"name":"wp","href":"https:\/\/api.w.org\/{rel}","templated":true}]}}