{"id":49202,"date":"2023-08-07T14:08:32","date_gmt":"2023-08-07T12:08:32","guid":{"rendered":"https:\/\/totnaturaserveis.com\/contacte\/"},"modified":"2023-08-07T14:08:32","modified_gmt":"2023-08-07T12:08:32","slug":"contacte","status":"publish","type":"page","link":"https:\/\/totnaturaserveis.com\/ca\/contacte\/","title":{"rendered":"Contacte"},"content":{"rendered":"\n<div class=\"gbp-section gb-element-05564eba\">\n<div class=\"gbp-section__inner gb-element-e4ee2705\">\n<div class=\"gb-element-f113bfa5\">\n<div class=\"gb-element-7be615ca\">\n<div>\n<p class=\"gb-text gbp-section__tagline gb-text-c4ae4c51\">Contacta amb Tot Natura Serveis<\/p>\n\n\n\n<h2 class=\"gb-text fondo_vde\">Parlem del teu jard\u00ed<\/h2>\n\n\n\n<p class=\"gb-text gb-text-d8e1b370\">Tens un jard\u00ed que necessita atenci\u00f3? T&#8217;agradaria transformar el teu espai exterior?<br>Truca&#8217;ns o escriu-nos. Estarem encantats d&#8217;escoltar-te i ajudar-te sense cap comprom\u00eds.<\/p>\n\n\n\n<p class=\"gb-text gb-text-6d2de0ea\">Treballem amb particulars, comunitats i empreses des de fa m\u00e9s de 25 anys. Si tens una idea, nosaltres la fem realitat.<\/p>\n<\/div>\n\n\n\n<div class=\"gbp--border-radius gb-element-70b78f12\">\n<span class=\"gb-shape gb-shape-2bd830b5\"><svg xmlns=\"http:\/\/www.w3.org\/2000\/svg\" width=\"32\" height=\"32\" viewbox=\"0 0 256 256\"><path d=\"M224,154.8l-47.09-21.11-.18-.08a19.94,19.94,0,0,0-19,1.75,13.08,13.08,0,0,0-1.12.84l-22.31,19c-13-7.05-26.43-20.37-33.49-33.21l19.06-22.66a11.76,11.76,0,0,0,.85-1.15,20,20,0,0,0,1.66-18.83,1.42,1.42,0,0,1-.08-.18L101.2,32A20.06,20.06,0,0,0,80.42,20.15,60.27,60.27,0,0,0,28,80c0,81.61,66.39,148,148,148a60.27,60.27,0,0,0,59.85-52.42A20.06,20.06,0,0,0,224,154.8ZM176,204A124.15,124.15,0,0,1,52,80,36.29,36.29,0,0,1,80.48,44.46l18.82,42L80.14,109.28a12,12,0,0,0-.86,1.16A20,20,0,0,0,78,130.08c9.42,19.28,28.83,38.56,48.31,48A20,20,0,0,0,146,176.63a11.63,11.63,0,0,0,1.11-.85l22.43-19.07,42,18.81A36.29,36.29,0,0,1,176,204Z\"><\/path><\/svg><\/span>\n\n\n\n<div>\n<p class=\"gb-text gbp-section__text--lg gb-text-9f6aba78\">Truca directe<\/p>\n\n\n\n<h3 class=\"gb-text gb-text-b9a01b31\"><a href=\"tel:34629711410\">(+34) <strong>629 711 410<\/strong><\/a><\/h3>\n<\/div>\n<\/div>\n<\/div>\n\n\n\n<div class=\"gbp--border-radius gb-element-91ef204e\"><\/div>\n<\/div>\n\n\n\n<div>\n<div class=\"gb-element-911b8a2d\">\n<div class=\"gbp--border-radius gbp--box-shadow gb-element-56e32db2\">\n<div>\n<p class=\"gb-text-a92563b4\"><span class=\"gb-shape\"><svg xmlns=\"http:\/\/www.w3.org\/2000\/svg\" width=\"32\" height=\"32\" viewbox=\"0 0 256 256\"><path d=\"M224,154.8l-47.09-21.11-.18-.08a19.94,19.94,0,0,0-19,1.75,13.08,13.08,0,0,0-1.12.84l-22.31,19c-13-7.05-26.43-20.37-33.49-33.21l19.06-22.66a11.76,11.76,0,0,0,.85-1.15,20,20,0,0,0,1.66-18.83,1.42,1.42,0,0,1-.08-.18L101.2,32A20.06,20.06,0,0,0,80.42,20.15,60.27,60.27,0,0,0,28,80c0,81.61,66.39,148,148,148a60.27,60.27,0,0,0,59.85-52.42A20.06,20.06,0,0,0,224,154.8ZM176,204A124.15,124.15,0,0,1,52,80,36.29,36.29,0,0,1,80.48,44.46l18.82,42L80.14,109.28a12,12,0,0,0-.86,1.16A20,20,0,0,0,78,130.08c9.42,19.28,28.83,38.56,48.31,48A20,20,0,0,0,146,176.63a11.63,11.63,0,0,0,1.11-.85l22.43-19.07,42,18.81A36.29,36.29,0,0,1,176,204Z\"><\/path><\/svg><\/span><span class=\"gb-text\">Tel\u00e8fon<\/span><\/p>\n<\/div>\n\n\n\n<p class=\"gb-text gb-text-246409f1\">(+34) 629 711 410<\/p>\n<\/div>\n\n\n\n<div class=\"gbp--border-radius gbp--box-shadow gb-element-5cc54a4d\">\n<p class=\"gb-text-49f12aef\"><span class=\"gb-shape\"><svg xmlns=\"http:\/\/www.w3.org\/2000\/svg\" width=\"32\" height=\"32\" viewbox=\"0 0 256 256\"><path d=\"M128,20a108,108,0,0,0,0,216c22.27,0,45.69-6.73,62.64-18a12,12,0,1,0-13.29-20c-13,8.63-31.89,14-49.35,14a84,84,0,1,1,84-84c0,9.29-1.67,17.08-4.69,21.95-2.64,4.24-6,6.05-11.31,6.05s-8.67-1.81-11.31-6.05c-3-4.87-4.69-12.66-4.69-21.95V88a12,12,0,0,0-23.49-3.46,52,52,0,1,0,8.86,79.57C172.3,174.3,182.81,180,196,180c24.67,0,40-19.92,40-52A108.12,108.12,0,0,0,128,20Zm0,136a28,28,0,1,1,28-28A28,28,0,0,1,128,156Z\"><\/path><\/svg><\/span><span class=\"gb-text\">Email<\/span><\/p>\n\n\n\n<p class=\"gb-text gb-text-a235b1e4\">totnaturaserveis@hotmail.com<\/p>\n<\/div>\n<\/div>\n<\/div>\n<\/div>\n<\/div>\n\n\n\n<div class=\"gbp-section gb-element-935b8c42\">\n<span class=\"gb-shape gb-shape-169d125f gb-shape--divider\"><svg viewbox=\"0 0 400 27\" xmlns=\"http:\/\/www.w3.org\/2000\/svg\" preserveaspectratio=\"none\"><path d=\"M400 27H0v-.5h342.71c2.46 0 4.89-.57 7.1-1.66L400 0v27Z\"><\/path><\/svg><\/span>\n\n\n\n<div class=\"gbp-section__inner gb-element-797681a1\">\n<div class=\"gb-element-7c71c7a0\">\n<div>\n<h2 class=\"gb-text gb-text-40153812\">Utilitzeu el formulari per posar-vos en contacte amb nosaltres<\/h2>\n\n\n\n<img decoding=\"async\" width=\"2560\" height=\"1920\" class=\"gb-media-fcc0fe25 lazyload\" alt=\"\" data-src=\"https:\/\/totnaturaserveis.com\/wp-content\/uploads\/2025\/05\/jardineria_mantenimientos_10-scaled.jpg\" title=\"jardineria_mantenimientos_10\" data-srcset=\"https:\/\/totnaturaserveis.com\/wp-content\/uploads\/2025\/05\/jardineria_mantenimientos_10-scaled.jpg 2560w, https:\/\/totnaturaserveis.com\/wp-content\/uploads\/2025\/05\/jardineria_mantenimientos_10-300x225.jpg 300w, https:\/\/totnaturaserveis.com\/wp-content\/uploads\/2025\/05\/jardineria_mantenimientos_10-1024x768.jpg 1024w, https:\/\/totnaturaserveis.com\/wp-content\/uploads\/2025\/05\/jardineria_mantenimientos_10-768x576.jpg 768w, https:\/\/totnaturaserveis.com\/wp-content\/uploads\/2025\/05\/jardineria_mantenimientos_10-1536x1152.jpg 1536w, https:\/\/totnaturaserveis.com\/wp-content\/uploads\/2025\/05\/jardineria_mantenimientos_10-2048x1536.jpg 2048w\" data-sizes=\"(max-width: 2560px) 100vw, 2560px\" src=\"data:image\/gif;base64,R0lGODlhAQABAAAAACH5BAEKAAEALAAAAAABAAEAAAICTAEAOw==\" style=\"--smush-placeholder-width: 2560px; --smush-placeholder-aspect-ratio: 2560\/1920;\" \/>\n<\/div>\n\n\n\n<div>\n<div class=\"gbp--border-radius gb-element-07676c9a\"><div class=\"wpforms-container wpforms-container-full wpforms-block wpforms-block-ce7eda4d-ca95-450d-9386-d0bf37e5a997 wpforms-render-modern\" id=\"wpforms-47609\"><form id=\"wpforms-form-47609\" class=\"wpforms-validate wpforms-form wpforms-ajax-form\" data-formid=\"47609\" method=\"post\" enctype=\"multipart\/form-data\" action=\"\/ca\/wp-json\/wp\/v2\/pages\/49202\" data-token=\"182a18eeb6b7cad76db7d1729680dbc5\" data-token-time=\"1776691995\"><noscript class=\"wpforms-error-noscript\">Activeu el JavaScript al navegador per a poder completar el formulari.<\/noscript><div class=\"wpforms-hidden\" id=\"wpforms-error-noscript\">Activeu el JavaScript al navegador per a poder completar el formulari.<\/div><div class=\"wpforms-field-container\"><div id=\"wpforms-47609-field_1-container\" class=\"wpforms-field wpforms-field-name\" data-field-id=\"1\"><fieldset><legend class=\"wpforms-field-label\">Nombre <span class=\"wpforms-required-label\" aria-hidden=\"true\">*<\/span><\/legend><div class=\"wpforms-field-row wpforms-field-medium\"><div class=\"wpforms-field-row-block wpforms-first wpforms-one-half\"><input type=\"text\" id=\"wpforms-47609-field_1\" class=\"wpforms-field-name-first wpforms-field-required\" name=\"wpforms[fields][1][first]\" aria-errormessage=\"wpforms-47609-field_1-error\" required><label for=\"wpforms-47609-field_1\" class=\"wpforms-field-sublabel after\">Nom<\/label><\/div><div class=\"wpforms-field-row-block wpforms-one-half\"><input type=\"text\" id=\"wpforms-47609-field_1-last\" class=\"wpforms-field-name-last wpforms-field-required\" name=\"wpforms[fields][1][last]\" aria-errormessage=\"wpforms-47609-field_1-last-error\" required><label for=\"wpforms-47609-field_1-last\" class=\"wpforms-field-sublabel after\">Cognoms<\/label><\/div><\/div><\/fieldset><\/div><div id=\"wpforms-47609-field_2-container\" class=\"wpforms-field wpforms-field-email\" data-field-id=\"2\"><label class=\"wpforms-field-label\" for=\"wpforms-47609-field_2\">Correo electr\u00f3nico <span class=\"wpforms-required-label\" aria-hidden=\"true\">*<\/span><\/label><input type=\"email\" id=\"wpforms-47609-field_2\" class=\"wpforms-field-medium wpforms-field-required\" name=\"wpforms[fields][2]\" spellcheck=\"false\" aria-errormessage=\"wpforms-47609-field_2-error\" required><\/div><div id=\"wpforms-47609-field_4-container\" class=\"wpforms-field wpforms-field-phone\" data-field-id=\"4\"><label class=\"wpforms-field-label\" for=\"wpforms-47609-field_4\">Tel\u00e9fono<\/label><input type=\"tel\" id=\"wpforms-47609-field_4\" class=\"wpforms-field-medium wpforms-smart-phone-field\" data-rule-smart-phone-field=\"true\" name=\"wpforms[fields][4]\" aria-label=\"Tel\u00e9fono\" aria-errormessage=\"wpforms-47609-field_4-error\" ><\/div><div id=\"wpforms-47609-field_3-container\" class=\"wpforms-field wpforms-field-textarea\" data-field-id=\"3\"><label class=\"wpforms-field-label\" for=\"wpforms-47609-field_3\">Comentario o mensaje<\/label><textarea id=\"wpforms-47609-field_3\" class=\"wpforms-field-medium\" name=\"wpforms[fields][3]\" aria-errormessage=\"wpforms-47609-field_3-error\" ><\/textarea><\/div><\/div><!-- .wpforms-field-container --><div class=\"wpforms-submit-container\" ><input type=\"hidden\" name=\"wpforms[id]\" value=\"47609\"><input type=\"hidden\" name=\"page_title\" value=\"\"><input type=\"hidden\" name=\"page_url\" value=\"https:\/\/totnaturaserveis.com\/ca\/wp-json\/wp\/v2\/pages\/49202\"><input type=\"hidden\" name=\"url_referer\" value=\"\"><button type=\"submit\" name=\"wpforms[submit]\" id=\"wpforms-submit-47609\" class=\"wpforms-submit\" data-alt-text=\"Enviando...\" data-submit-text=\"Enviar\" aria-live=\"assertive\" value=\"wpforms-submit\">Enviar<\/button><img decoding=\"async\" data-src=\"https:\/\/totnaturaserveis.com\/wp-content\/plugins\/wpforms\/assets\/images\/submit-spin.svg\" class=\"wpforms-submit-spinner lazyload\" style=\"--smush-placeholder-width: 26px; --smush-placeholder-aspect-ratio: 26\/26;display: none;\" width=\"26\" height=\"26\" alt=\"S&#039;est\u00e0 carregant\" src=\"data:image\/gif;base64,R0lGODlhAQABAAAAACH5BAEKAAEALAAAAAABAAEAAAICTAEAOw==\"><\/div><\/form><\/div>  <!-- .wpforms-container --><\/div>\n<\/div>\n<\/div>\n<\/div>\n<\/div>\n","protected":false},"excerpt":{"rendered":"<p>Contacta amb Tot Natura Serveis Parlem del teu jard\u00ed Tens un jard\u00ed que necessita atenci\u00f3? T&#8217;agradaria transformar el teu espai exterior?Truca&#8217;ns o escriu-nos. Estarem encantats d&#8217;escoltar-te i ajudar-te sense cap comprom\u00eds. Treballem amb particulars, comunitats i empreses des de fa m\u00e9s de 25 anys. Si tens una idea, nosaltres la fem realitat. Truca directe (+34) &#8230; <a title=\"Contacte\" class=\"read-more\" href=\"https:\/\/totnaturaserveis.com\/ca\/contacte\/\" aria-label=\"M\u00e9s informaci\u00f3 sobre Contacte\">Read more<\/a><\/p>\n","protected":false},"author":1,"featured_media":0,"parent":0,"menu_order":0,"comment_status":"closed","ping_status":"closed","template":"","meta":{"footnotes":""},"class_list":["post-49202","page","type-page","status-publish"],"_links":{"self":[{"href":"https:\/\/totnaturaserveis.com\/ca\/wp-json\/wp\/v2\/pages\/49202","targetHints":{"allow":["GET"]}}],"collection":[{"href":"https:\/\/totnaturaserveis.com\/ca\/wp-json\/wp\/v2\/pages"}],"about":[{"href":"https:\/\/totnaturaserveis.com\/ca\/wp-json\/wp\/v2\/types\/page"}],"author":[{"embeddable":true,"href":"https:\/\/totnaturaserveis.com\/ca\/wp-json\/wp\/v2\/users\/1"}],"replies":[{"embeddable":true,"href":"https:\/\/totnaturaserveis.com\/ca\/wp-json\/wp\/v2\/comments?post=49202"}],"version-history":[{"count":0,"href":"https:\/\/totnaturaserveis.com\/ca\/wp-json\/wp\/v2\/pages\/49202\/revisions"}],"wp:attachment":[{"href":"https:\/\/totnaturaserveis.com\/ca\/wp-json\/wp\/v2\/media?parent=49202"}],"curies":[{"name":"wp","href":"https:\/\/api.w.org\/{rel}","templated":true}]}}